{"id":141,"date":"2018-02-06T12:49:22","date_gmt":"2018-02-06T12:49:22","guid":{"rendered":"http:\/\/bridge154.qodeinteractive.com\/?page_id=141"},"modified":"2026-03-12T10:36:18","modified_gmt":"2026-03-12T09:36:18","slug":"servicios","status":"publish","type":"page","link":"https:\/\/www.frapont.es\/es\/servicios\/","title":{"rendered":"Servicio 360\u00ba"},"content":{"rendered":"<div class=\"wpb-content-wrapper\"><p>[vc_row css_animation=\u00bb\u00bb row_type=\u00bbrow\u00bb use_row_as_full_screen_section=\u00bbno\u00bb type=\u00bbgrid\u00bb angled_section=\u00bbno\u00bb text_align=\u00bbcenter\u00bb background_image_as_pattern=\u00bbwithout_pattern\u00bb z_index=\u00bb\u00bb padding_bottom=\u00bb40&#8243; padding_top=\u00bb40&#8243;][vc_column][vc_column_text css=\u00bb.vc_custom_1773306841371{padding-right: 150px !important;padding-left: 150px !important;}\u00bb]<\/p>\n<p style=\"text-align: center;\"><span style=\"font-size: 17px;\">Frapont ofrece un servicio integral que acompa\u00f1a cada proyecto en todas sus fases: desde la <strong>definici\u00f3n de soluciones<\/strong> constructivas hasta la instalaci\u00f3n final, incluyendo <strong>consultor\u00eda<\/strong>, <strong>ingenier\u00eda de valor<\/strong> y <strong>gesti\u00f3n completa del proyecto<\/strong>.<\/span><\/p>\n<p style=\"text-align: center;\"><span style=\"font-size: 17px;\">Nos encargamos de la <strong>fabricaci\u00f3n<\/strong>, la <strong>integraci\u00f3n<\/strong> de distintos materiales y el <strong>transporte<\/strong>, garantizando que cada componente encaje perfectamente y cumpla con los m\u00e1s altos est\u00e1ndares de calidad.<\/span><\/p>\n<p style=\"text-align: center;\"><span style=\"font-size: 17px;\">Cada proyecto recibe soluciones personalizadas, adaptadas a las necesidades espec\u00edficas de nuestros clientes, combinando precisi\u00f3n t\u00e9cnica, creatividad y eficiencia operativa.<\/span><\/p>\n<p>[\/vc_column_text][\/vc_column][\/vc_row][vc_row css_animation=\u00bb\u00bb row_type=\u00bbrow\u00bb use_row_as_full_screen_section=\u00bbno\u00bb type=\u00bbgrid\u00bb angled_section=\u00bbno\u00bb text_align=\u00bbleft\u00bb background_image_as_pattern=\u00bbwithout_pattern\u00bb z_index=\u00bb\u00bb padding_bottom=\u00bb40&#8243; padding_top=\u00bb80&#8243;][vc_column width=\u00bb1\/2&#8243;][vc_single_image image=\u00bb93456&#8243; img_size=\u00bbfull\u00bb css=\u00bb\u00bb qode_css_animation=\u00bb\u00bb][vc_empty_space height=\u00bb20px\u00bb][vc_column_text css=\u00bb\u00bb]<\/p>\n<h3>DESARROLLO T\u00c9CNICO<\/h3>\n<p><span style=\"font-size: 17px;\">En Frapont, nuestra Oficina T\u00e9cnica propone y define soluciones constructivas<br \/>\ny eficientes para proyectos singulares, combinando creatividad y viabilidad econ\u00f3mica.<\/span><\/p>\n<p><span style=\"font-size: 17px;\">Arquitectos y delineantes elaboran los planos de fabricaci\u00f3n en 2D y 3D mediante tecnolog\u00edas CAD, transformando las ideas de cada cliente en proyectos concretos. Adem\u00e1s, gestionamos los proyectos con metodolog\u00edas BIM, garantizando coordinaci\u00f3n, precisi\u00f3n y control en cada fase.<\/span><\/p>\n<p><span style=\"font-size: 17px;\">La ac\u00fastica es un elemento clave en muchos de nuestros proyectos. Por eso, asesoramos a nuestros clientes en la selecci\u00f3n de materiales y tratamientos adecuados, asegurando que los objetivos ac\u00fasticos se cumplan con la m\u00e1xima eficacia.<\/span>[\/vc_column_text][\/vc_column][vc_column width=\u00bb1\/2&#8243;][vc_single_image image=\u00bb93432&#8243; img_size=\u00bbfull\u00bb css=\u00bb\u00bb qode_css_animation=\u00bb\u00bb][\/vc_column][\/vc_row][vc_row css_animation=\u00bb\u00bb row_type=\u00bbrow\u00bb use_row_as_full_screen_section=\u00bbno\u00bb type=\u00bbfull_width\u00bb angled_section=\u00bbno\u00bb text_align=\u00bbleft\u00bb background_image_as_pattern=\u00bbwithout_pattern\u00bb][vc_column][vc_empty_space height=\u00bb80px\u00bb][\/vc_column][\/vc_row][vc_row css_animation=\u00bb\u00bb row_type=\u00bbrow\u00bb use_row_as_full_screen_section=\u00bbno\u00bb type=\u00bbgrid\u00bb angled_section=\u00bbno\u00bb text_align=\u00bbleft\u00bb background_image_as_pattern=\u00bbwithout_pattern\u00bb z_index=\u00bb\u00bb padding_bottom=\u00bb40&#8243; padding_top=\u00bb80&#8243;][vc_column width=\u00bb1\/2&#8243;][vc_single_image image=\u00bb93418&#8243; img_size=\u00bbfull\u00bb css=\u00bb\u00bb qode_css_animation=\u00bb\u00bb][\/vc_column][vc_column width=\u00bb1\/2&#8243;][vc_single_image image=\u00bb93449&#8243; img_size=\u00bbfull\u00bb css=\u00bb\u00bb qode_css_animation=\u00bb\u00bb][vc_empty_space height=\u00bb20px\u00bb][vc_column_text css=\u00bb\u00bb]<\/p>\n<h3><span style=\"font-size: 17px;\">FABRICACI\u00d3N<\/span><\/h3>\n<p><span style=\"font-size: 17px;\">En Frapont, contamos con unas instalaciones de 5000m2 en Barcelona. La maquinaria y las herramientas de nuestro taller son de tecnolog\u00eda avanzada y nos permiten replicar todos los trabajos dise\u00f1ados previamente en oficina t\u00e9cnica.<\/span><\/p>\n<p><span style=\"font-size: 17px;\">Nuestros carpinteros altamente cualificados conocen tanto las t\u00e9cnicas artesanales como las de vanguardia; se encargan de fabricar elementos singulares y de alta calidad.<\/span><\/p>\n<p><span style=\"font-size: 17px;\">Durante el proceso de fabricaci\u00f3n, los equipos t\u00e9cnicos de Frapont aseguran el cumplimiento de nuestros est\u00e1ndares de calidad y los dem\u00e1s requisitos del cliente.<\/span>[\/vc_column_text][\/vc_column][\/vc_row][vc_row css_animation=\u00bb\u00bb row_type=\u00bbrow\u00bb use_row_as_full_screen_section=\u00bbno\u00bb type=\u00bbfull_width\u00bb angled_section=\u00bbno\u00bb text_align=\u00bbleft\u00bb background_image_as_pattern=\u00bbwithout_pattern\u00bb][vc_column][vc_empty_space height=\u00bb80px\u00bb][\/vc_column][\/vc_row][vc_row css_animation=\u00bb\u00bb row_type=\u00bbrow\u00bb use_row_as_full_screen_section=\u00bbno\u00bb type=\u00bbgrid\u00bb angled_section=\u00bbno\u00bb text_align=\u00bbleft\u00bb background_image_as_pattern=\u00bbwithout_pattern\u00bb z_index=\u00bb\u00bb padding_bottom=\u00bb40&#8243; padding_top=\u00bb80&#8243;][vc_column width=\u00bb1\/2&#8243;][vc_single_image image=\u00bb93442&#8243; img_size=\u00bbfull\u00bb css=\u00bb\u00bb qode_css_animation=\u00bb\u00bb][vc_empty_space height=\u00bb20px\u00bb][vc_column_text css=\u00bb\u00bb]<\/p>\n<h3><span style=\"font-size: 17px;\">EJECUCI\u00d3N <\/span><\/h3>\n<p><span style=\"font-size: 17px;\">En Frapont, cada proyecto cuenta con un equipo de gesti\u00f3n dedicado, encargado de asegurar la m\u00e1xima calidad en todas las fases de ejecuci\u00f3n. Este equipo trabaja codo a codo con el cliente, optimizando costes y plazos sin comprometer la excelencia.<\/span><\/p>\n<p><span style=\"font-size: 17px;\">Gracias a un control riguroso y continuo del proceso, somos capaces de cumplir con los m\u00e1s altos est\u00e1ndares de sostenibilidad y certificaci\u00f3n, incluyendo BREEAM y LEED.<\/span><\/p>\n<p><span style=\"font-size: 17px;\">Nuestros t\u00e9cnicos altamente cualificados se encargan de la instalaci\u00f3n en obra, combinando precisi\u00f3n, experiencia y adaptabilidad. La s\u00f3lida trayectoria internacional de Frapont garantiza que cada equipo est\u00e9 familiarizado con las exigencias y normativas de los distintos mercados, asegurando resultados impecables en cualquier lugar del mundo.<\/span>[\/vc_column_text][\/vc_column][vc_column width=\u00bb1\/2&#8243;][vc_single_image image=\u00bb93425&#8243; img_size=\u00bbfull\u00bb css=\u00bb\u00bb qode_css_animation=\u00bb\u00bb][\/vc_column][\/vc_row][vc_row css_animation=\u00bb\u00bb row_type=\u00bbrow\u00bb use_row_as_full_screen_section=\u00bbno\u00bb type=\u00bbfull_width\u00bb angled_section=\u00bbno\u00bb text_align=\u00bbleft\u00bb background_image_as_pattern=\u00bbwithout_pattern\u00bb][vc_column][vc_empty_space height=\u00bb80px\u00bb][\/vc_column][\/vc_row][vc_row css_animation=\u00bb\u00bb row_type=\u00bbrow\u00bb use_row_as_full_screen_section=\u00bbno\u00bb type=\u00bbgrid\u00bb angled_section=\u00bbno\u00bb text_align=\u00bbcenter\u00bb background_image_as_pattern=\u00bbwithout_pattern\u00bb z_index=\u00bb\u00bb padding_bottom=\u00bb40&#8243; padding_top=\u00bb80&#8243;][vc_column width=\u00bb1\/2&#8243;][vc_single_image image=\u00bb93411&#8243; img_size=\u00bbfull\u00bb css=\u00bb\u00bb qode_css_animation=\u00bb\u00bb][vc_empty_space height=\u00bb40px\u00bb][\/vc_column][vc_column width=\u00bb1\/2&#8243;][vc_single_image image=\u00bb93463&#8243; img_size=\u00bbfull\u00bb css=\u00bb\u00bb qode_css_animation=\u00bb\u00bb][vc_empty_space height=\u00bb20px\u00bb][vc_column_text css=\u00bb\u00bb]<\/p>\n<h3 style=\"text-align: left;\"><span style=\"font-size: 17px;\">INTEGRACI\u00d3N DE MATERIALES<\/span><\/h3>\n<p style=\"text-align: left;\"><span style=\"font-size: 17px;\">Frapont es una empresa innovadora y flexible, en constante aprendizaje e investigaci\u00f3n para ofrecer soluciones cada vez m\u00e1s completas y sofisticadas.<\/span><\/p>\n<p style=\"text-align: left;\"><span style=\"font-size: 17px;\">Aunque la madera es nuestro n\u00facleo, nuestro equipo domina la integraci\u00f3n de tapicer\u00eda, piedra, vidrio y metal, combinando t\u00e9cnicas y materiales con maestr\u00eda. Esto nos permite ofrecer a nuestros clientes soluciones integrales y personalizadas en proyectos de interiorismo, donde cada detalle cuenta y la excelencia es imprescindible.<\/span><\/p>\n<p>[\/vc_column_text][\/vc_column][\/vc_row]<\/p>\n<\/div>","protected":false},"excerpt":{"rendered":"<p>[vc_row css_animation=\u00bb\u00bb row_type=\u00bbrow\u00bb use_row_as_full_screen_section=\u00bbno\u00bb type=\u00bbgrid\u00bb angled_section=\u00bbno\u00bb text_align=\u00bbcenter\u00bb background_image_as_pattern=\u00bbwithout_pattern\u00bb z_index=\u00bb\u00bb padding_bottom=\u00bb40&#8243; padding_top=\u00bb40&#8243;][vc_column][vc_column_text css=\u00bb.vc_custom_1773306841371{padding-right: 150px !important;padding-left: 150px&#8230;<\/p>\n","protected":false},"author":2,"featured_media":0,"parent":0,"menu_order":0,"comment_status":"closed","ping_status":"open","template":"full_width.php","meta":{"footnotes":""},"class_list":["post-141","page","type-page","status-publish","hentry"],"yoast_head":"<!-- This site is optimized with the Yoast SEO plugin v27.3 - https:\/\/yoast.com\/product\/yoast-seo-wordpress\/ -->\n<title>Servicio 360\u00ba &#8211; Frapont<\/title>\n<meta name=\"robots\" content=\"index, follow, max-snippet:-1, max-image-preview:large, max-video-preview:-1\" \/>\n<link rel=\"canonical\" href=\"https:\/\/www.frapont.es\/es\/servicios\/\" \/>\n<meta property=\"og:locale\" content=\"es_ES\" \/>\n<meta property=\"og:type\" content=\"article\" \/>\n<meta property=\"og:title\" content=\"Servicio 360\u00ba &#8211; Frapont\" \/>\n<meta property=\"og:description\" content=\"[vc_row css_animation=\u00bb\u00bb row_type=\u00bbrow\u00bb use_row_as_full_screen_section=\u00bbno\u00bb type=\u00bbgrid\u00bb angled_section=\u00bbno\u00bb text_align=\u00bbcenter\u00bb background_image_as_pattern=\u00bbwithout_pattern\u00bb z_index=\u00bb\u00bb padding_bottom=\u00bb40&#8243; padding_top=\u00bb40&#8243;][vc_column][vc_column_text css=\u00bb.vc_custom_1773306841371{padding-right: 150px !important;padding-left: 150px...\" \/>\n<meta property=\"og:url\" content=\"https:\/\/www.frapont.es\/es\/servicios\/\" \/>\n<meta property=\"og:site_name\" content=\"Frapont\" \/>\n<meta property=\"article:publisher\" content=\"https:\/\/www.facebook.com\/Frapont\/\" \/>\n<meta property=\"article:modified_time\" content=\"2026-03-12T09:36:18+00:00\" \/>\n<meta name=\"twitter:card\" content=\"summary_large_image\" \/>\n<meta name=\"twitter:label1\" content=\"Tiempo de lectura\" \/>\n\t<meta name=\"twitter:data1\" content=\"3 minutos\" \/>\n<script type=\"application\/ld+json\" class=\"yoast-schema-graph\">{\"@context\":\"https:\\\/\\\/schema.org\",\"@graph\":[{\"@type\":\"WebPage\",\"@id\":\"https:\\\/\\\/www.frapont.es\\\/es\\\/servicios\\\/\",\"url\":\"https:\\\/\\\/www.frapont.es\\\/es\\\/servicios\\\/\",\"name\":\"Servicio 360\u00ba &#8211; Frapont\",\"isPartOf\":{\"@id\":\"https:\\\/\\\/www.frapont.es\\\/#website\"},\"datePublished\":\"2018-02-06T12:49:22+00:00\",\"dateModified\":\"2026-03-12T09:36:18+00:00\",\"breadcrumb\":{\"@id\":\"https:\\\/\\\/www.frapont.es\\\/es\\\/servicios\\\/#breadcrumb\"},\"inLanguage\":\"es\",\"potentialAction\":[{\"@type\":\"ReadAction\",\"target\":[\"https:\\\/\\\/www.frapont.es\\\/es\\\/servicios\\\/\"]}]},{\"@type\":\"BreadcrumbList\",\"@id\":\"https:\\\/\\\/www.frapont.es\\\/es\\\/servicios\\\/#breadcrumb\",\"itemListElement\":[{\"@type\":\"ListItem\",\"position\":1,\"name\":\"Portada\",\"item\":\"https:\\\/\\\/www.frapont.es\\\/es\\\/\"},{\"@type\":\"ListItem\",\"position\":2,\"name\":\"Servicio 360\u00ba\"}]},{\"@type\":\"WebSite\",\"@id\":\"https:\\\/\\\/www.frapont.es\\\/#website\",\"url\":\"https:\\\/\\\/www.frapont.es\\\/\",\"name\":\"Frapont\",\"description\":\"\",\"publisher\":{\"@id\":\"https:\\\/\\\/www.frapont.es\\\/#organization\"},\"potentialAction\":[{\"@type\":\"SearchAction\",\"target\":{\"@type\":\"EntryPoint\",\"urlTemplate\":\"https:\\\/\\\/www.frapont.es\\\/?s={search_term_string}\"},\"query-input\":{\"@type\":\"PropertyValueSpecification\",\"valueRequired\":true,\"valueName\":\"search_term_string\"}}],\"inLanguage\":\"es\"},{\"@type\":\"Organization\",\"@id\":\"https:\\\/\\\/www.frapont.es\\\/#organization\",\"name\":\"Frapont\",\"url\":\"https:\\\/\\\/www.frapont.es\\\/\",\"logo\":{\"@type\":\"ImageObject\",\"inLanguage\":\"es\",\"@id\":\"https:\\\/\\\/www.frapont.es\\\/#\\\/schema\\\/logo\\\/image\\\/\",\"url\":\"https:\\\/\\\/www.frapont.es\\\/wp-content\\\/uploads\\\/2019\\\/11\\\/logo-nav-negro-min.png\",\"contentUrl\":\"https:\\\/\\\/www.frapont.es\\\/wp-content\\\/uploads\\\/2019\\\/11\\\/logo-nav-negro-min.png\",\"width\":235,\"height\":59,\"caption\":\"Frapont\"},\"image\":{\"@id\":\"https:\\\/\\\/www.frapont.es\\\/#\\\/schema\\\/logo\\\/image\\\/\"},\"sameAs\":[\"https:\\\/\\\/www.facebook.com\\\/Frapont\\\/\",\"https:\\\/\\\/www.instagram.com\\\/frapont_wood_works\\\/\",\"https:\\\/\\\/www.linkedin.com\\\/company\\\/1739273\\\/admin\\\/\"]}]}<\/script>\n<!-- \/ Yoast SEO plugin. -->","yoast_head_json":{"title":"Servicio 360\u00ba &#8211; Frapont","robots":{"index":"index","follow":"follow","max-snippet":"max-snippet:-1","max-image-preview":"max-image-preview:large","max-video-preview":"max-video-preview:-1"},"canonical":"https:\/\/www.frapont.es\/es\/servicios\/","og_locale":"es_ES","og_type":"article","og_title":"Servicio 360\u00ba &#8211; Frapont","og_description":"[vc_row css_animation=\u00bb\u00bb row_type=\u00bbrow\u00bb use_row_as_full_screen_section=\u00bbno\u00bb type=\u00bbgrid\u00bb angled_section=\u00bbno\u00bb text_align=\u00bbcenter\u00bb background_image_as_pattern=\u00bbwithout_pattern\u00bb z_index=\u00bb\u00bb padding_bottom=\u00bb40&#8243; padding_top=\u00bb40&#8243;][vc_column][vc_column_text css=\u00bb.vc_custom_1773306841371{padding-right: 150px !important;padding-left: 150px...","og_url":"https:\/\/www.frapont.es\/es\/servicios\/","og_site_name":"Frapont","article_publisher":"https:\/\/www.facebook.com\/Frapont\/","article_modified_time":"2026-03-12T09:36:18+00:00","twitter_card":"summary_large_image","twitter_misc":{"Tiempo de lectura":"3 minutos"},"schema":{"@context":"https:\/\/schema.org","@graph":[{"@type":"WebPage","@id":"https:\/\/www.frapont.es\/es\/servicios\/","url":"https:\/\/www.frapont.es\/es\/servicios\/","name":"Servicio 360\u00ba &#8211; Frapont","isPartOf":{"@id":"https:\/\/www.frapont.es\/#website"},"datePublished":"2018-02-06T12:49:22+00:00","dateModified":"2026-03-12T09:36:18+00:00","breadcrumb":{"@id":"https:\/\/www.frapont.es\/es\/servicios\/#breadcrumb"},"inLanguage":"es","potentialAction":[{"@type":"ReadAction","target":["https:\/\/www.frapont.es\/es\/servicios\/"]}]},{"@type":"BreadcrumbList","@id":"https:\/\/www.frapont.es\/es\/servicios\/#breadcrumb","itemListElement":[{"@type":"ListItem","position":1,"name":"Portada","item":"https:\/\/www.frapont.es\/es\/"},{"@type":"ListItem","position":2,"name":"Servicio 360\u00ba"}]},{"@type":"WebSite","@id":"https:\/\/www.frapont.es\/#website","url":"https:\/\/www.frapont.es\/","name":"Frapont","description":"","publisher":{"@id":"https:\/\/www.frapont.es\/#organization"},"potentialAction":[{"@type":"SearchAction","target":{"@type":"EntryPoint","urlTemplate":"https:\/\/www.frapont.es\/?s={search_term_string}"},"query-input":{"@type":"PropertyValueSpecification","valueRequired":true,"valueName":"search_term_string"}}],"inLanguage":"es"},{"@type":"Organization","@id":"https:\/\/www.frapont.es\/#organization","name":"Frapont","url":"https:\/\/www.frapont.es\/","logo":{"@type":"ImageObject","inLanguage":"es","@id":"https:\/\/www.frapont.es\/#\/schema\/logo\/image\/","url":"https:\/\/www.frapont.es\/wp-content\/uploads\/2019\/11\/logo-nav-negro-min.png","contentUrl":"https:\/\/www.frapont.es\/wp-content\/uploads\/2019\/11\/logo-nav-negro-min.png","width":235,"height":59,"caption":"Frapont"},"image":{"@id":"https:\/\/www.frapont.es\/#\/schema\/logo\/image\/"},"sameAs":["https:\/\/www.facebook.com\/Frapont\/","https:\/\/www.instagram.com\/frapont_wood_works\/","https:\/\/www.linkedin.com\/company\/1739273\/admin\/"]}]}},"_links":{"self":[{"href":"https:\/\/www.frapont.es\/es\/wp-json\/wp\/v2\/pages\/141","targetHints":{"allow":["GET"]}}],"collection":[{"href":"https:\/\/www.frapont.es\/es\/wp-json\/wp\/v2\/pages"}],"about":[{"href":"https:\/\/www.frapont.es\/es\/wp-json\/wp\/v2\/types\/page"}],"author":[{"embeddable":true,"href":"https:\/\/www.frapont.es\/es\/wp-json\/wp\/v2\/users\/2"}],"replies":[{"embeddable":true,"href":"https:\/\/www.frapont.es\/es\/wp-json\/wp\/v2\/comments?post=141"}],"version-history":[{"count":24,"href":"https:\/\/www.frapont.es\/es\/wp-json\/wp\/v2\/pages\/141\/revisions"}],"predecessor-version":[{"id":93472,"href":"https:\/\/www.frapont.es\/es\/wp-json\/wp\/v2\/pages\/141\/revisions\/93472"}],"wp:attachment":[{"href":"https:\/\/www.frapont.es\/es\/wp-json\/wp\/v2\/media?parent=141"}],"curies":[{"name":"wp","href":"https:\/\/api.w.org\/{rel}","templated":true}]}}