{"id":310,"date":"2018-02-09T09:32:41","date_gmt":"2018-02-09T09:32:41","guid":{"rendered":"http:\/\/bridge154.qodeinteractive.com\/?page_id=310"},"modified":"2026-04-24T13:18:27","modified_gmt":"2026-04-24T11:18:27","slug":"nosotros","status":"publish","type":"page","link":"https:\/\/www.frapont.es\/es\/nosotros\/","title":{"rendered":"Nosotros"},"content":{"rendered":"<div class=\"wpb-content-wrapper\"><p>[vc_row css_animation=\u00bb\u00bb row_type=\u00bbrow\u00bb use_row_as_full_screen_section=\u00bbyes\u00bb type=\u00bbgrid\u00bb angled_section=\u00bbno\u00bb text_align=\u00bbleft\u00bb background_image_as_pattern=\u00bbwithout_pattern\u00bb z_index=\u00bb\u00bb el_id=\u00bbhistoria\u00bb][vc_column][vc_empty_space height=\u00bb40px\u00bb][qode_elements_holder number_of_columns=\u00bbtwo_columns\u00bb switch_to_one_column=\u00bb1000&#8243; alignment_one_column=\u00bbleft\u00bb][qode_elements_holder_item advanced_animations=\u00bbno\u00bb item_padding_1024_1280=\u00bb0px\u00bb item_padding_768_1024=\u00bb0px\u00bb item_padding_600_768=\u00bb0px\u00bb item_padding_480_600=\u00bb0px\u00bb item_padding_480=\u00bb0px\u00bb][vc_single_image image=\u00bb1309&#8243; img_size=\u00bbfull\u00bb qode_css_animation=\u00bb\u00bb][\/qode_elements_holder_item][qode_elements_holder_item advanced_animations=\u00bbno\u00bb item_padding=\u00bb150px 100px\u00bb item_padding_480_600=\u00bb0px\u00bb item_padding_480=\u00bb0px\u00bb item_padding_768_1024=\u00bb0px\u00bb item_padding_600_768=\u00bb0px\u00bb item_padding_1024_1280=\u00bb0px\u00bb][vc_empty_space height=\u00bb40px\u00bb][vc_column_text css=\u00bb\u00bb]<\/p>\n<h2 style=\"text-align: left;\"><span style=\"font-size: 22px;\">HISTORIA<\/span><\/h2>\n<p>[\/vc_column_text][vc_empty_space height=\u00bb20px\u00bb][vc_column_text css=\u00bb\u00bb]<\/p>\n<p style=\"text-align: left;\"><span style=\"font-size: 17px;\">M\u00e1s de 90 a\u00f1os y tres generaciones resumen la amplia trayectoria de Frapont. Una empresa familiar que ha ido creciendo y evolucionando hasta convertirse en lo que es hoy: un referente en el sector de la carpinter\u00eda de madera con experiencia internacional y filiales en 5 pa\u00edses.<\/span><\/p>\n<p>[\/vc_column_text][vc_empty_space height=\u00bb40&#8243;]<a  itemprop=\"url\" href=\"https:\/\/www.frapont.es\/es\/historia-de-frapont\/\" target=\"_self\" data-hover-background-color=#727272 data-hover-color=#ffffff class=\"qbutton  white default\" style=\"color: #ffffff; background-color: #0a0a0a;\">ver m\u00e1s<\/a>[\/qode_elements_holder_item][\/qode_elements_holder][\/vc_column][\/vc_row][vc_row row_type=\u00bbparallax\u00bb parallax_content_width=\u00bbin_grid\u00bb text_align=\u00bbleft\u00bb full_screen_section_height=\u00bbno\u00bb el_id=\u00bbvalores\u00bb][vc_column][qode_elements_holder number_of_columns=\u00bbtwo_columns\u00bb switch_to_one_column=\u00bb1000&#8243; alignment_one_column=\u00bbleft\u00bb][qode_elements_holder_item advanced_animations=\u00bbno\u00bb item_padding=\u00bb120px 100px\u00bb item_padding_1024_1280=\u00bb0px\u00bb item_padding_768_1024=\u00bb0px\u00bb item_padding_600_768=\u00bb0px\u00bb item_padding_480_600=\u00bb0px\u00bb item_padding_480=\u00bb0px\u00bb][vc_empty_space height=\u00bb40px\u00bb][vc_column_text css=\u00bb\u00bb]<\/p>\n<h2 style=\"text-align: left;\"><span style=\"font-size: 22px;\">VISI\u00d3N Y VALORES<\/span><\/h2>\n<p>[\/vc_column_text][vc_empty_space height=\u00bb20px\u00bb][vc_column_text css=\u00bb\u00bb]<span style=\"font-size: 17px;\">En Frapont creemos que lo que construimos va m\u00e1s all\u00e1 de la madera: construimos relaciones s\u00f3lidas, espacios con alma y proyectos que perduran. Nuestra visi\u00f3n es seguir creciendo sin perder lo que nos hace \u00fanicos: la cercan\u00eda de una empresa familiar y la excelencia del mejor equipo.<\/span><\/p>\n<p><span style=\"font-size: 17px;\"><strong>PERSONAS: quienes hacen posible lo imposible<\/strong><\/span><br \/>\n<span style=\"font-size: 17px;\">Nuestro equipo es nuestra mayor fortaleza. Queremos ser un lugar donde el talento crezca y cada persona se sienta parte de algo m\u00e1s grande.<\/span><\/p>\n<p><span style=\"font-size: 17px;\"><strong>INNOVACI\u00d3N con prop\u00f3sito<\/strong><\/span><br \/>\n<span style=\"font-size: 17px;\">La tradici\u00f3n y la tecnolog\u00eda conviven en nuestro trabajo. Innovamos implantando nuevas tecnolog\u00edas para mejorar, sin perder nuestra esencia artesanal.<\/span><\/p>\n<p><span style=\"font-size: 17px;\"><strong>EXCELENCIA en cada detalle<\/strong><\/span><br \/>\n<span style=\"font-size: 17px;\">Acompa\u00f1amos a nuestros clientes desde la idea inicial hasta la ejecuci\u00f3n final con precisi\u00f3n, rigor y confianza.<\/span><\/p>\n<p><span style=\"font-size: 17px;\"><strong>Una visi\u00f3n con COMPROMETIDA<\/strong><\/span><br \/>\n<span style=\"font-size: 17px;\">Nuestro crecimiento es el resultado de una forma de trabajar basada en la confianza, la colaboraci\u00f3n y la coherencia.<\/span><\/p>\n<p><span style=\"font-size: 17px;\"><strong>SOSTENIBILIDAD real<\/strong><\/span><br \/>\n<span style=\"font-size: 17px;\">Usamos la madera con respeto y responsabilidad, gestionando nuestros procesos de forma eficiente y sostenible. Contamos con certificaciones PEFC y FSC\u00ae y ayudamos a nuestros clientes a alcanzar est\u00e1ndares BREEAM y LEED.<\/span>[\/vc_column_text][\/qode_elements_holder_item][qode_elements_holder_item advanced_animations=\u00bbno\u00bb][vc_single_image image=\u00bb67663&#8243; img_size=\u00bbfull\u00bb css=\u00bb\u00bb qode_css_animation=\u00bb\u00bb][\/qode_elements_holder_item][\/qode_elements_holder][vc_column_text css=\u00bb\u00bb]<span style=\"font-size: 15px;\">La Pol\u00edtica de Cadena de Custodia de Frapont SA est\u00e1 disponible para toda aquella parte interesada que as\u00ed lo requiera enviando un correo electr\u00f3nico a <a href=\"mailto:frapont@frapont.com\">frapont@frapont.com<\/a><\/span>[\/vc_column_text][vc_empty_space height=\u00bb80px\u00bb][\/vc_column][\/vc_row][vc_row row_type=\u00bbparallax\u00bb parallax_content_width=\u00bbin_grid\u00bb text_align=\u00bbcenter\u00bb full_screen_section_height=\u00bbno\u00bb background_image=\u00bb92097&#8243; el_id=\u00bbclientes\u00bb][vc_column][vc_empty_space height=\u00bb40px\u00bb][vc_column_text css=\u00bb\u00bb]<\/p>\n<h2 style=\"text-align: center;\"><span style=\"font-size: 22px;\">NUESTROS ALIADOS<\/span><\/h2>\n<p>[\/vc_column_text][vc_empty_space height=\u00bb20px\u00bb][vc_column_text css=\u00bb\u00bb el_class=\u00bbaligncenter\u00bb el_id=\u00bbequipo\u00bb]<span style=\"font-size: 17px;\">Grandes proyectos nacen de grandes colaboraciones. Inversores, constructoras, estudios de arquitectura, ingenier\u00edas ac\u00fasticas y dise\u00f1adores conf\u00edan en Frapont por nuestra experiencia, rigor y capacidad de adaptaci\u00f3n. Creemos en relaciones a largo plazo, en acompa\u00f1ar a nuestros clientes en sus retos y convertir sus ideas en realidades s\u00f3lidas, cumpliendo siempre nuestros compromisos.<\/span>[\/vc_column_text][vc_empty_space height=\u00bb40px\u00bb]<div class='testimonials_c_holder clearfix dark'><div class=\"testimonials_c testimonials_c_carousel\" data-show-navigation=\"yes\" data-animation-speed=\"\" data-auto-rotate-slides=\"10\" data-number-per-slide=\"3\"><ul class=\"slides\"><li id=\"testimonials-c-74470\" class=\"testimonial_content\"><div class=\"testimonial_content_inner\"><div class=\"testimonial_image_holder\"><img decoding=\"async\" src=\"https:\/\/www.frapont.es\/wp-content\/uploads\/2025\/02\/citas-1.png\" loading=\"lazy\" \/><\/div><div class=\"testimonial_title_holder\"><h6>Ian Jogole &#8211; Hent<\/h6><\/div><div class=\"testimonial_text_holder\"><div class=\"testimonial_text_inner\" style=\"color: #084734;\"><p style='font-size:17px;color:#084734;'>\u201cFrapont has the ability to deliver high quality solution in complex projects where there extensive requirements from many stakeholders . Good. Nice people and good quality.\u201d<\/p><p class=\"testimonial_author\" style=\"color: #084734;color: #084734;font-size: 17px;\">Sommerro Hotel <\/p><\/div><\/div><\/div><\/li><li id=\"testimonials-c-74469\" class=\"testimonial_content\"><div class=\"testimonial_content_inner\"><div class=\"testimonial_image_holder\"><img decoding=\"async\" src=\"https:\/\/www.frapont.es\/wp-content\/uploads\/2025\/02\/citas-1.png\" loading=\"lazy\" \/><\/div><div class=\"testimonial_title_holder\"><h6>Anne Sophie Helsted &#8211; NCC<\/h6><\/div><div class=\"testimonial_text_holder\"><div class=\"testimonial_text_inner\" style=\"color: #084734;\"><p style='font-size:17px;color:#084734;'>\u201cThe professional cooperation between the wishes from the operator and the limited budget. We\u2019ve been through a lot of changes, and Frapont has always been the partner bringing new and sustainable solutions.\u201c<\/p><p class=\"testimonial_author\" style=\"color: #084734;color: #084734;font-size: 17px;\">25 Hours Hotel <\/p><\/div><\/div><\/div><\/li><li id=\"testimonials-c-74468\" class=\"testimonial_content\"><div class=\"testimonial_content_inner\"><div class=\"testimonial_image_holder\"><img decoding=\"async\" src=\"https:\/\/www.frapont.es\/wp-content\/uploads\/2025\/02\/citas-1.png\" loading=\"lazy\" \/><\/div><div class=\"testimonial_title_holder\"><h6>Jon\u00e1s Bentancort &#8211; Emin Capital<\/h6><\/div><div class=\"testimonial_text_holder\"><div class=\"testimonial_text_inner\" style=\"color: #084734;\"><p style='font-size:17px;color:#084734;'>\u201cIt is a company that I would love to continue collaborating with in the future without hesitation. But in the future focused on fixed carpentry and non-upholstered loose furniture, where they have a much higher level than with upholstery.\u201c<\/p><p class=\"testimonial_author\" style=\"color: #084734;color: #084734;font-size: 17px;\">Formentor<\/p><\/div><\/div><\/div><\/li><li id=\"testimonials-c-898\" class=\"testimonial_content\"><div class=\"testimonial_content_inner\"><div class=\"testimonial_image_holder\"><img decoding=\"async\" src=\"https:\/\/www.frapont.es\/wp-content\/uploads\/2025\/02\/citas-1.png\" loading=\"lazy\" \/><\/div><div class=\"testimonial_title_holder\"><h6>Philippe M. \u2013 Shigeru Ban.<\/h6><\/div><div class=\"testimonial_text_holder\"><div class=\"testimonial_text_inner\" style=\"color: #084734;\"><p style='font-size:17px;color:#084734;'>Apreciamos particularmente su tenacidad en encontrar soluciones constructivas para llegar a los detalles que quer\u00edamos, debo decir que el resultado de su trabajo es a veces incluso m\u00e1s all\u00e1 de nuestras expectativas.<\/p><p class=\"testimonial_author\" style=\"color: #084734;color: #084734;font-size: 17px;\">Seine Musicale<\/p><\/div><\/div><\/div><\/li><li id=\"testimonials-c-897\" class=\"testimonial_content\"><div class=\"testimonial_content_inner\"><div class=\"testimonial_image_holder\"><img decoding=\"async\" src=\"https:\/\/www.frapont.es\/wp-content\/uploads\/2025\/02\/citas-1.png\" loading=\"lazy\" \/><\/div><div class=\"testimonial_title_holder\"><h6>Khalid K.\u2013 Bouygues Construction.<\/h6><\/div><div class=\"testimonial_text_holder\"><div class=\"testimonial_text_inner\" style=\"color: #084734;\"><p style='font-size:17px;color:#084734;'>Frapont es una empresa din\u00e1mica, flexible y organizada, capaz de manejar los numerosos cambios del proyecto y que demuestra una preocupaci\u00f3n por el trabajo bien hecho, cumpliendo con los requisitos del cliente.<\/p><p class=\"testimonial_author\" style=\"color: #084734;color: #084734;font-size: 17px;\">Hotel de Crillon<\/p><\/div><\/div><\/div><\/li><li id=\"testimonials-c-896\" class=\"testimonial_content\"><div class=\"testimonial_content_inner\"><div class=\"testimonial_image_holder\"><img decoding=\"async\" src=\"https:\/\/www.frapont.es\/wp-content\/uploads\/2025\/02\/citas-1.png\" loading=\"lazy\" \/><\/div><div class=\"testimonial_title_holder\"><h6>Allan E. \u2013 HENT AS.<\/h6><\/div><div class=\"testimonial_text_holder\"><div class=\"testimonial_text_inner\" style=\"color: #084734;\"><p style='font-size:17px;color:#084734;'>El resultado de los trabajos fue muy bueno y tuvimos una comunicaci\u00f3n excepcional. Frapont entreg\u00f3 mucho m\u00e1s de lo que se acord\u00f3 originalmente.<\/p><p class=\"testimonial_author\" style=\"color: #084734;color: #084734;font-size: 17px;\">Aeropuerto de Bergen<\/p><\/div><\/div><\/div><\/li><li id=\"testimonials-c-525\" class=\"testimonial_content\"><div class=\"testimonial_content_inner\"><div class=\"testimonial_image_holder\"><img decoding=\"async\" src=\"https:\/\/www.frapont.es\/wp-content\/uploads\/2025\/02\/citas-1.png\" loading=\"lazy\" \/><\/div><div class=\"testimonial_title_holder\"><h6>Roar B. \u2013 Statsbygg.<\/h6><\/div><div class=\"testimonial_text_holder\"><div class=\"testimonial_text_inner\" style=\"color: #084734;\"><p style='font-size:17px;color:#084734;'>Los trabajos fueron de alta calidad, estamos muy contentos con Frapont llevando el proyecto desde el dise\u00f1o, la fabricaci\u00f3n hasta la instalaci\u00f3n.<\/p><p class=\"testimonial_author\" style=\"color: #084734;color: #084734;font-size: 17px;\">Opera de Oslo<\/p><\/div><\/div><\/div><\/li><li id=\"testimonials-c-524\" class=\"testimonial_content\"><div class=\"testimonial_content_inner\"><div class=\"testimonial_image_holder\"><img decoding=\"async\" src=\"https:\/\/www.frapont.es\/wp-content\/uploads\/2025\/02\/citas-1.png\" loading=\"lazy\" \/><\/div><div class=\"testimonial_title_holder\"><h6>Linda G. \u2013 Gram Interiors.<\/h6><\/div><div class=\"testimonial_text_holder\"><div class=\"testimonial_text_inner\" style=\"color: #084734;\"><p style='font-size:17px;color:#084734;'>Nice work by Frapont, it\u2019s been amazing working with you!<\/p><p class=\"testimonial_author\" style=\"color: #084734;color: #084734;font-size: 17px;\">Hotel Britannia<\/p><\/div><\/div><\/div><\/li><li id=\"testimonials-c-521\" class=\"testimonial_content\"><div class=\"testimonial_content_inner\"><div class=\"testimonial_image_holder\"><img decoding=\"async\" src=\"https:\/\/www.frapont.es\/wp-content\/uploads\/2025\/02\/citas-1.png\" loading=\"lazy\" \/><\/div><div class=\"testimonial_title_holder\"><h6>Jaume V. C. \u2013 Terminal UTE.<\/h6><\/div><div class=\"testimonial_text_holder\"><div class=\"testimonial_text_inner\" style=\"color: #084734;\"><p style='font-size:17px;color:#084734;'>Adem\u00e1s de sus habilidades profesionales, Frapont puso los medios necesarios para lograr acabar sus trabajos con la calidad y los plazos requeridos.<\/p><p class=\"testimonial_author\" style=\"color: #084734;color: #084734;font-size: 17px;\">Terminal 1 Barcelona<\/p><\/div><\/div><\/div><\/li><\/ul><\/div><\/div>[vc_empty_space height=\u00bb40px\u00bb][\/vc_column][\/vc_row][vc_row css_animation=\u00bb\u00bb row_type=\u00bbrow\u00bb use_row_as_full_screen_section=\u00bbno\u00bb type=\u00bbfull_width\u00bb angled_section=\u00bbno\u00bb text_align=\u00bbleft\u00bb background_image_as_pattern=\u00bbwithout_pattern\u00bb el_id=\u00bbequipo\u00bb z_index=\u00bb\u00bb][vc_column][\/vc_column][\/vc_row][vc_row css_animation=\u00bb\u00bb row_type=\u00bbrow\u00bb use_row_as_full_screen_section=\u00bbyes\u00bb type=\u00bbgrid\u00bb angled_section=\u00bbno\u00bb text_align=\u00bbcenter\u00bb background_image_as_pattern=\u00bbwithout_pattern\u00bb z_index=\u00bb\u00bb padding_bottom=\u00bb40&#8243; padding_top=\u00bb80&#8243;][vc_column][vc_column_text css=\u00bb\u00bb]<\/p>\n<h2 style=\"text-align: center;\">NUESTRO EQUIPO<\/h2>\n<p>[\/vc_column_text][vc_empty_space height=\u00bb20px\u00bb][vc_column_text css=\u00bb\u00bb el_class=\u00bbaligncenter\u00bb]<span style=\"font-size: 17px;\">Detr\u00e1s de cada proyecto de Frapont hay un equipo diverso y apasionado: arquitect@s, ingenier@s, carpinter@s, jef@s de proyecto e instalador@s cualificados. Cada uno aporta su talento y experiencia, pero todos compartimos una misma pasi\u00f3n: transformar la madera en espacios \u00fanicos. Trabajamos en un entorno multicultural y multidisciplinar, donde la colaboraci\u00f3n y el respeto por la creatividad de cada persona son la clave del \u00e9xito. Nuestro reto diario es hacer de Frapont un lugar donde trabajar sea m\u00e1s que un empleo: un espacio para crecer, aprender y disfrutar de lo que hacemos juntos.<\/span>[\/vc_column_text][vc_empty_space height=\u00bb40px\u00bb][vc_btn title=\u00bbsaber m\u00e1s\u00bb style=\u00bbflat\u00bb color=\u00bbblack\u00bb css=\u00bb\u00bb link=\u00bburl:https%3A%2F%2Fwww.frapont.es%2Fes%2Funete-al-equipo%2F|target:_blank\u00bb][vc_empty_space height=\u00bb40px\u00bb][vc_single_image image=\u00bb60598&#8243; img_size=\u00bbfull\u00bb alignment=\u00bbcenter\u00bb qode_css_animation=\u00bb\u00bb][vc_empty_space height=\u00bb30px\u00bb][\/vc_column][\/vc_row][vc_row css_animation=\u00bb\u00bb row_type=\u00bbrow\u00bb use_row_as_full_screen_section=\u00bbno\u00bb type=\u00bbfull_width\u00bb angled_section=\u00bbno\u00bb text_align=\u00bbleft\u00bb background_image_as_pattern=\u00bbwithout_pattern\u00bb][vc_column][vc_empty_space height=\u00bb60px\u00bb][\/vc_column][\/vc_row]<\/p>\n<\/div>","protected":false},"excerpt":{"rendered":"<p>[vc_row css_animation=\u00bb\u00bb row_type=\u00bbrow\u00bb use_row_as_full_screen_section=\u00bbyes\u00bb type=\u00bbgrid\u00bb angled_section=\u00bbno\u00bb text_align=\u00bbleft\u00bb background_image_as_pattern=\u00bbwithout_pattern\u00bb z_index=\u00bb\u00bb el_id=\u00bbhistoria\u00bb][vc_column][vc_empty_space height=\u00bb40px\u00bb][qode_elements_holder number_of_columns=\u00bbtwo_columns\u00bb switch_to_one_column=\u00bb1000&#8243; alignment_one_column=\u00bbleft\u00bb][qode_elements_holder_item advanced_animations=\u00bbno\u00bb&#8230;<\/p>\n","protected":false},"author":2,"featured_media":0,"parent":0,"menu_order":0,"comment_status":"closed","ping_status":"open","template":"full_width.php","meta":{"footnotes":""},"class_list":["post-310","page","type-page","status-publish","hentry"],"yoast_head":"<!-- This site is optimized with the Yoast SEO plugin v27.3 - https:\/\/yoast.com\/product\/yoast-seo-wordpress\/ -->\n<title>Nosotros &#8211; Frapont<\/title>\n<meta name=\"robots\" content=\"index, follow, max-snippet:-1, max-image-preview:large, max-video-preview:-1\" \/>\n<link rel=\"canonical\" href=\"https:\/\/www.frapont.es\/es\/nosotros\/\" \/>\n<meta property=\"og:locale\" content=\"es_ES\" \/>\n<meta property=\"og:type\" content=\"article\" \/>\n<meta property=\"og:title\" content=\"Nosotros &#8211; Frapont\" \/>\n<meta property=\"og:description\" content=\"[vc_row css_animation=\u00bb\u00bb row_type=\u00bbrow\u00bb use_row_as_full_screen_section=\u00bbyes\u00bb type=\u00bbgrid\u00bb angled_section=\u00bbno\u00bb text_align=\u00bbleft\u00bb background_image_as_pattern=\u00bbwithout_pattern\u00bb z_index=\u00bb\u00bb el_id=\u00bbhistoria\u00bb][vc_column][vc_empty_space height=\u00bb40px\u00bb][qode_elements_holder number_of_columns=\u00bbtwo_columns\u00bb switch_to_one_column=\u00bb1000&#8243; alignment_one_column=\u00bbleft\u00bb][qode_elements_holder_item advanced_animations=\u00bbno\u00bb...\" \/>\n<meta property=\"og:url\" content=\"https:\/\/www.frapont.es\/es\/nosotros\/\" \/>\n<meta property=\"og:site_name\" content=\"Frapont\" \/>\n<meta property=\"article:publisher\" content=\"https:\/\/www.facebook.com\/Frapont\/\" \/>\n<meta property=\"article:modified_time\" content=\"2026-04-24T11:18:27+00:00\" \/>\n<meta name=\"twitter:card\" content=\"summary_large_image\" \/>\n<meta name=\"twitter:label1\" content=\"Tiempo de lectura\" \/>\n\t<meta name=\"twitter:data1\" content=\"3 minutos\" \/>\n<script type=\"application\/ld+json\" class=\"yoast-schema-graph\">{\"@context\":\"https:\\\/\\\/schema.org\",\"@graph\":[{\"@type\":\"WebPage\",\"@id\":\"https:\\\/\\\/www.frapont.es\\\/es\\\/nosotros\\\/\",\"url\":\"https:\\\/\\\/www.frapont.es\\\/es\\\/nosotros\\\/\",\"name\":\"Nosotros &#8211; Frapont\",\"isPartOf\":{\"@id\":\"https:\\\/\\\/www.frapont.es\\\/#website\"},\"datePublished\":\"2018-02-09T09:32:41+00:00\",\"dateModified\":\"2026-04-24T11:18:27+00:00\",\"breadcrumb\":{\"@id\":\"https:\\\/\\\/www.frapont.es\\\/es\\\/nosotros\\\/#breadcrumb\"},\"inLanguage\":\"es\",\"potentialAction\":[{\"@type\":\"ReadAction\",\"target\":[\"https:\\\/\\\/www.frapont.es\\\/es\\\/nosotros\\\/\"]}]},{\"@type\":\"BreadcrumbList\",\"@id\":\"https:\\\/\\\/www.frapont.es\\\/es\\\/nosotros\\\/#breadcrumb\",\"itemListElement\":[{\"@type\":\"ListItem\",\"position\":1,\"name\":\"Portada\",\"item\":\"https:\\\/\\\/www.frapont.es\\\/es\\\/\"},{\"@type\":\"ListItem\",\"position\":2,\"name\":\"Nosotros\"}]},{\"@type\":\"WebSite\",\"@id\":\"https:\\\/\\\/www.frapont.es\\\/#website\",\"url\":\"https:\\\/\\\/www.frapont.es\\\/\",\"name\":\"Frapont\",\"description\":\"\",\"publisher\":{\"@id\":\"https:\\\/\\\/www.frapont.es\\\/#organization\"},\"potentialAction\":[{\"@type\":\"SearchAction\",\"target\":{\"@type\":\"EntryPoint\",\"urlTemplate\":\"https:\\\/\\\/www.frapont.es\\\/?s={search_term_string}\"},\"query-input\":{\"@type\":\"PropertyValueSpecification\",\"valueRequired\":true,\"valueName\":\"search_term_string\"}}],\"inLanguage\":\"es\"},{\"@type\":\"Organization\",\"@id\":\"https:\\\/\\\/www.frapont.es\\\/#organization\",\"name\":\"Frapont\",\"url\":\"https:\\\/\\\/www.frapont.es\\\/\",\"logo\":{\"@type\":\"ImageObject\",\"inLanguage\":\"es\",\"@id\":\"https:\\\/\\\/www.frapont.es\\\/#\\\/schema\\\/logo\\\/image\\\/\",\"url\":\"https:\\\/\\\/www.frapont.es\\\/wp-content\\\/uploads\\\/2019\\\/11\\\/logo-nav-negro-min.png\",\"contentUrl\":\"https:\\\/\\\/www.frapont.es\\\/wp-content\\\/uploads\\\/2019\\\/11\\\/logo-nav-negro-min.png\",\"width\":235,\"height\":59,\"caption\":\"Frapont\"},\"image\":{\"@id\":\"https:\\\/\\\/www.frapont.es\\\/#\\\/schema\\\/logo\\\/image\\\/\"},\"sameAs\":[\"https:\\\/\\\/www.facebook.com\\\/Frapont\\\/\",\"https:\\\/\\\/www.instagram.com\\\/frapont_wood_works\\\/\",\"https:\\\/\\\/www.linkedin.com\\\/company\\\/1739273\\\/admin\\\/\"]}]}<\/script>\n<!-- \/ Yoast SEO plugin. -->","yoast_head_json":{"title":"Nosotros &#8211; Frapont","robots":{"index":"index","follow":"follow","max-snippet":"max-snippet:-1","max-image-preview":"max-image-preview:large","max-video-preview":"max-video-preview:-1"},"canonical":"https:\/\/www.frapont.es\/es\/nosotros\/","og_locale":"es_ES","og_type":"article","og_title":"Nosotros &#8211; Frapont","og_description":"[vc_row css_animation=\u00bb\u00bb row_type=\u00bbrow\u00bb use_row_as_full_screen_section=\u00bbyes\u00bb type=\u00bbgrid\u00bb angled_section=\u00bbno\u00bb text_align=\u00bbleft\u00bb background_image_as_pattern=\u00bbwithout_pattern\u00bb z_index=\u00bb\u00bb el_id=\u00bbhistoria\u00bb][vc_column][vc_empty_space height=\u00bb40px\u00bb][qode_elements_holder number_of_columns=\u00bbtwo_columns\u00bb switch_to_one_column=\u00bb1000&#8243; alignment_one_column=\u00bbleft\u00bb][qode_elements_holder_item advanced_animations=\u00bbno\u00bb...","og_url":"https:\/\/www.frapont.es\/es\/nosotros\/","og_site_name":"Frapont","article_publisher":"https:\/\/www.facebook.com\/Frapont\/","article_modified_time":"2026-04-24T11:18:27+00:00","twitter_card":"summary_large_image","twitter_misc":{"Tiempo de lectura":"3 minutos"},"schema":{"@context":"https:\/\/schema.org","@graph":[{"@type":"WebPage","@id":"https:\/\/www.frapont.es\/es\/nosotros\/","url":"https:\/\/www.frapont.es\/es\/nosotros\/","name":"Nosotros &#8211; Frapont","isPartOf":{"@id":"https:\/\/www.frapont.es\/#website"},"datePublished":"2018-02-09T09:32:41+00:00","dateModified":"2026-04-24T11:18:27+00:00","breadcrumb":{"@id":"https:\/\/www.frapont.es\/es\/nosotros\/#breadcrumb"},"inLanguage":"es","potentialAction":[{"@type":"ReadAction","target":["https:\/\/www.frapont.es\/es\/nosotros\/"]}]},{"@type":"BreadcrumbList","@id":"https:\/\/www.frapont.es\/es\/nosotros\/#breadcrumb","itemListElement":[{"@type":"ListItem","position":1,"name":"Portada","item":"https:\/\/www.frapont.es\/es\/"},{"@type":"ListItem","position":2,"name":"Nosotros"}]},{"@type":"WebSite","@id":"https:\/\/www.frapont.es\/#website","url":"https:\/\/www.frapont.es\/","name":"Frapont","description":"","publisher":{"@id":"https:\/\/www.frapont.es\/#organization"},"potentialAction":[{"@type":"SearchAction","target":{"@type":"EntryPoint","urlTemplate":"https:\/\/www.frapont.es\/?s={search_term_string}"},"query-input":{"@type":"PropertyValueSpecification","valueRequired":true,"valueName":"search_term_string"}}],"inLanguage":"es"},{"@type":"Organization","@id":"https:\/\/www.frapont.es\/#organization","name":"Frapont","url":"https:\/\/www.frapont.es\/","logo":{"@type":"ImageObject","inLanguage":"es","@id":"https:\/\/www.frapont.es\/#\/schema\/logo\/image\/","url":"https:\/\/www.frapont.es\/wp-content\/uploads\/2019\/11\/logo-nav-negro-min.png","contentUrl":"https:\/\/www.frapont.es\/wp-content\/uploads\/2019\/11\/logo-nav-negro-min.png","width":235,"height":59,"caption":"Frapont"},"image":{"@id":"https:\/\/www.frapont.es\/#\/schema\/logo\/image\/"},"sameAs":["https:\/\/www.facebook.com\/Frapont\/","https:\/\/www.instagram.com\/frapont_wood_works\/","https:\/\/www.linkedin.com\/company\/1739273\/admin\/"]}]}},"_links":{"self":[{"href":"https:\/\/www.frapont.es\/es\/wp-json\/wp\/v2\/pages\/310","targetHints":{"allow":["GET"]}}],"collection":[{"href":"https:\/\/www.frapont.es\/es\/wp-json\/wp\/v2\/pages"}],"about":[{"href":"https:\/\/www.frapont.es\/es\/wp-json\/wp\/v2\/types\/page"}],"author":[{"embeddable":true,"href":"https:\/\/www.frapont.es\/es\/wp-json\/wp\/v2\/users\/2"}],"replies":[{"embeddable":true,"href":"https:\/\/www.frapont.es\/es\/wp-json\/wp\/v2\/comments?post=310"}],"version-history":[{"count":112,"href":"https:\/\/www.frapont.es\/es\/wp-json\/wp\/v2\/pages\/310\/revisions"}],"predecessor-version":[{"id":96352,"href":"https:\/\/www.frapont.es\/es\/wp-json\/wp\/v2\/pages\/310\/revisions\/96352"}],"wp:attachment":[{"href":"https:\/\/www.frapont.es\/es\/wp-json\/wp\/v2\/media?parent=310"}],"curies":[{"name":"wp","href":"https:\/\/api.w.org\/{rel}","templated":true}]}}