{"id":92183,"date":"2026-03-09T12:41:07","date_gmt":"2026-03-09T11:41:07","guid":{"rendered":"https:\/\/www.frapont.es\/?page_id=92183"},"modified":"2026-03-26T13:04:35","modified_gmt":"2026-03-26T12:04:35","slug":"sostenibilidad","status":"publish","type":"page","link":"https:\/\/www.frapont.es\/es\/sostenibilidad\/","title":{"rendered":"Nuestro compromiso<br>con la sostenibilidad"},"content":{"rendered":"<div class=\"wpb-content-wrapper\"><p>[vc_row css_animation=\u00bb\u00bb row_type=\u00bbrow\u00bb use_row_as_full_screen_section=\u00bbno\u00bb type=\u00bbfull_width\u00bb angled_section=\u00bbno\u00bb text_align=\u00bbleft\u00bb background_image_as_pattern=\u00bbwithout_pattern\u00bb css=\u00bb.vc_custom_1773936897454{background-color: #084734 !important;}\u00bb z_index=\u00bb\u00bb el_class=\u00bbfull-width-green2&#8243;][vc_column][vc_column_text css=\u00bb\u00bb el_class=\u00bbtexto-beige\u00bb]<\/p>\n<div class=\"vc_row wpb_row section vc_row-fluid vc_custom_1772555296969\">\n<div class=\" full_section_inner clearfix\">\n<div class=\"wpb_column vc_column_container vc_col-sm-12\">\n<div class=\"vc_column-inner\">\n<div class=\"wpb_wrapper\">\n<div class=\"wpb_text_column wpb_content_element vc_custom_1769686740311\">\n<h3 class=\"wpb_wrapper\" style=\"text-align: center;\"><span style=\"font-size: 17px;\">CERTIFICACIONES ECOL\u00d3GICAS<\/span><\/h3>\n<div class=\"wpb_wrapper\" style=\"text-align: center;\"><span style=\"font-size: 17px;\">En virtud de nuestro papel como promotores de proyectos, nos tomamos muy en serio nuestro impacto en el medio<br \/>\nambiente y la sociedad. Tanto en nuestros proyectos como a nivel de empresa, trabajamos sistem\u00e1ticamente con la<br \/>\nsostenibilidad para limitar nuestra carga sobre el mundo, implementando servicios m\u00e1s sostenibles en nuestros proyectos.<\/span><\/div>\n<div><\/div>\n<div class=\"wpb_wrapper\" style=\"text-align: center;\"><span style=\"font-size: 17px;\">Frapont tiene una amplia experiencia con los certificados FSC\u00ae, PEFC, BREEM, LEED, VERDE, DGNB y WELL.<\/span><\/div>\n<\/div>\n<\/div>\n<\/div>\n<\/div>\n<\/div>\n<\/div>\n<p>[\/vc_column_text][\/vc_column][\/vc_row][vc_row css_animation=\u00bb\u00bb row_type=\u00bbrow\u00bb use_row_as_full_screen_section=\u00bbno\u00bb type=\u00bbfull_width\u00bb angled_section=\u00bbno\u00bb text_align=\u00bbleft\u00bb background_image_as_pattern=\u00bbwithout_pattern\u00bb css=\u00bb.vc_custom_1772626708300{padding-top: 4% !important;padding-bottom: 4% !important;}\u00bb z_index=\u00bb\u00bb el_class=\u00bbtexto-logistica\u00bb][vc_column width=\u00bb2\/3&#8243; css=\u00bb.vc_custom_1773056993926{padding-left: 10% !important;}\u00bb][vc_empty_space][vc_column_text css=\u00bb.vc_custom_1773938743784{padding-top: 8% !important;}\u00bb el_class=\u00bbtexto-logistica\u00bb]<\/p>\n<div style=\"color: #38748e !important;\">\n<h3><span style=\"font-size: 20px;\">LOG\u00cdSTICA INTERNACIONAL<\/span><\/h3>\n<p><span style=\"font-size: 17px;\">Transporte intermodal<\/span><\/p>\n<p><span style=\"font-size: 17px;\">En Frapont, minimizar nuestro impacto ambiental no es una opci\u00f3n, es una prioridad.<br \/>\nNuestro Departamento de Log\u00edstica y Producci\u00f3n dise\u00f1a rutas inteligentes y sosteniblespara cada proyecto,<br \/>\ncombinando transporte por carretera con medios menos contaminantes como ferries y trenes.<\/span><\/div>\n<p style=\"color: #38748e !important;\"><span style=\"font-size: 17px;\">Este enfoque multimodal nos permite reducir significativamente las emisiones en cada env\u00edo<br \/>\ninternacional, demostrando que es posible entregar proyectos de alta complejidad en todo<br \/>\nel mundo sin comprometer el planeta.<\/span><\/p>\n<p>[\/vc_column_text][\/vc_column][vc_column width=\u00bb1\/3&#8243;][vc_single_image image=\u00bb92161&#8243; img_size=\u00bb300&#215;450&#8243; css=\u00bb\u00bb qode_css_animation=\u00bb\u00bb][\/vc_column][\/vc_row][vc_row css_animation=\u00bb\u00bb row_type=\u00bbrow\u00bb use_row_as_full_screen_section=\u00bbno\u00bb type=\u00bbfull_width\u00bb angled_section=\u00bbno\u00bb text_align=\u00bbcenter\u00bb background_image_as_pattern=\u00bbwithout_pattern\u00bb z_index=\u00bb\u00bb el_class=\u00bbfull-width-blue\u00bb background_color=\u00bb#38748e\u00bb border_color=\u00bb#38748e\u00bb css=\u00bb.vc_custom_1773057052732{border-right-width: 40% !important;border-left-width: 10% !important;padding-right: 40% !important;padding-left: 12% !important;}\u00bb padding_top=\u00bb0&#8243;][vc_column width=\u00bb1\/5&#8243; css=\u00bb.vc_custom_1772637266500{padding-top: 30% !important;padding-left: 20% !important;}\u00bb]<div class=\"q_counter_holder  center\" style=\"\"><span class=\"counter  random\" style=\"color: #f6f4e8;font-size: 120px;font-weight: 300;\">41<\/span><p class=\"counter_text\" style=\"font-size: 17px;font-weight: 300;text-transform: none;color: #f6f4e8;\">Transportes realizados<\/p><\/div>[\/vc_column][vc_column width=\u00bb1\/5&#8243; css=\u00bb.vc_custom_1772637091750{padding-top: 30% !important;}\u00bb]<div class=\"q_counter_holder  center\" style=\"\"><span class=\"counter  random\" style=\"color: #f6f4e8;font-size: 120px;font-weight: 300;\">61<\/span><p class=\"counter_text\" style=\"font-size: 17px;font-weight: 300;text-transform: none;color: #f6f4e8;\">Kg de Co2 que se habr\u00edan emitido<\/p><\/div>[\/vc_column][vc_column width=\u00bb1\/5&#8243; css=\u00bb.vc_custom_1772637105160{padding-top: 30% !important;}\u00bb]<div class=\"q_counter_holder  center\" style=\"\"><span class=\"counter  random\" style=\"color: #f6f4e8;font-size: 120px;font-weight: 300;\">48<\/span><p class=\"counter_text\" style=\"font-size: 17px;font-weight: 300;text-transform: none;color: #f6f4e8;\">Kg de Co2 emitidos<\/p><\/div>[\/vc_column][vc_column width=\u00bb1\/5&#8243; css=\u00bb.vc_custom_1772637112236{padding-top: 30% !important;}\u00bb]<div class=\"q_counter_holder  center\" style=\"\"><span class=\"counter  random\" style=\"color: #f6f4e8;font-size: 120px;font-weight: 300;\">85<\/span><p class=\"counter_text\" style=\"font-size: 17px;font-weight: 300;text-transform: none;color: #f6f4e8;\">% de Co2 ahorrado<\/p><\/div>[\/vc_column][vc_column width=\u00bb1\/5&#8243; css=\u00bb.vc_custom_1772637311662{padding-right: 20% !important;}\u00bb][\/vc_column][\/vc_row][vc_row css_animation=\u00bb\u00bb row_type=\u00bbrow\u00bb use_row_as_full_screen_section=\u00bbno\u00bb type=\u00bbfull_width\u00bb angled_section=\u00bbno\u00bb text_align=\u00bbleft\u00bb background_image_as_pattern=\u00bbwithout_pattern\u00bb css=\u00bb.vc_custom_1772635163580{border-right-width: 20% !important;border-left-width: 20% !important;}\u00bb z_index=\u00bb\u00bb][vc_column][vc_column_text css=\u00bb.vc_custom_1772719362574{padding-top: 5% !important;padding-bottom: 2% !important;}\u00bb]<\/p>\n<p style=\"text-align: center;\"><span style=\"font-size: 20px;\">IMPULSAMOS SUS PROYECTOS HACIA LOS M\u00c1S ALTOS EST\u00c1NDARES DE CERTIFICACI\u00d3N<\/span><\/p>\n<p>[\/vc_column_text][vc_empty_space height=\u00bb50px\u00bb][\/vc_column][\/vc_row][vc_row css_animation=\u00bb\u00bb row_type=\u00bbrow\u00bb use_row_as_full_screen_section=\u00bbno\u00bb type=\u00bbfull_width\u00bb angled_section=\u00bbno\u00bb text_align=\u00bbleft\u00bb background_image_as_pattern=\u00bbwithout_pattern\u00bb z_index=\u00bb\u00bb padding_bottom=\u00bb50px\u00bb][vc_column width=\u00bb1\/6&#8243;][vc_single_image image=\u00bb92507&#8243; css=\u00bb\u00bb qode_css_animation=\u00bb\u00bb][\/vc_column][vc_column width=\u00bb1\/6&#8243;][vc_single_image image=\u00bb92535&#8243; css=\u00bb\u00bb qode_css_animation=\u00bb\u00bb][\/vc_column][vc_column width=\u00bb1\/6&#8243;][vc_single_image image=\u00bb92528&#8243; css=\u00bb\u00bb qode_css_animation=\u00bb\u00bb][\/vc_column][vc_column width=\u00bb1\/6&#8243;][vc_single_image image=\u00bb92514&#8243; css=\u00bb\u00bb qode_css_animation=\u00bb\u00bb][\/vc_column][vc_column width=\u00bb1\/6&#8243;][vc_single_image image=\u00bb92521&#8243; css=\u00bb\u00bb qode_css_animation=\u00bb\u00bb][\/vc_column][vc_column width=\u00bb1\/6&#8243;][vc_single_image image=\u00bb92500&#8243; css=\u00bb\u00bb qode_css_animation=\u00bb\u00bb][\/vc_column][\/vc_row][vc_row css_animation=\u00bb\u00bb row_type=\u00bbrow\u00bb use_row_as_full_screen_section=\u00bbno\u00bb type=\u00bbfull_width\u00bb angled_section=\u00bbno\u00bb text_align=\u00bbleft\u00bb background_image_as_pattern=\u00bbwithout_pattern\u00bb][vc_column][vc_empty_space height=\u00bb100px\u00bb][\/vc_column][\/vc_row][vc_row css_animation=\u00bb\u00bb row_type=\u00bbrow\u00bb use_row_as_full_screen_section=\u00bbyes\u00bb type=\u00bbfull_width\u00bb angled_section=\u00bbno\u00bb text_align=\u00bbleft\u00bb background_image_as_pattern=\u00bbwithout_pattern\u00bb z_index=\u00bb\u00bb background_image=\u00bb94188&#8243; el_class=\u00bbbanner-imagen\u00bb][vc_column width=\u00bb1\/3&#8243;][vc_column_text css=\u00bb\u00bb]<\/p>\n<h3 style=\"color: #ffffff; margin: 0;\"><span style=\"font-size: 20px;\"><br \/>\nCONTAMOS CON LAS<br \/>\nCERTIFICACIONES FSC\u00ae y PEFC\u2122<br \/>\n<\/span><\/h3>\n<p>[\/vc_column_text][vc_column_text css=\u00bb\u00bb]<span style=\"font-size: 17px; color: #ffffff;\"><br \/>\nQue garantizan que la madera que utilizamos procede de bosques gestionados de forma sostenible y con trazabilidad certificada en toda la cadena de suministro.<br \/>\n<\/span>[\/vc_column_text][vc_empty_space][vc_single_image image=\u00bb94180&#8243; img_size=\u00bb200&#215;120&#8243; css=\u00bb\u00bb qode_css_animation=\u00bb\u00bb][\/vc_column][vc_column width=\u00bb1\/3&#8243;][\/vc_column][vc_column width=\u00bb1\/3&#8243;][\/vc_column][\/vc_row][vc_row css_animation=\u00bb\u00bb row_type=\u00bbrow\u00bb use_row_as_full_screen_section=\u00bbno\u00bb type=\u00bbfull_width\u00bb angled_section=\u00bbno\u00bb text_align=\u00bbleft\u00bb background_image_as_pattern=\u00bbwithout_pattern\u00bb z_index=\u00bb\u00bb side_padding=\u00bb0&#8243; padding_top=\u00bb0&#8243; padding_bottom=\u00bb0&#8243;][vc_column][vc_column_text css=\u00bb\u00bb el_class=\u00bbtexto-fullwidth-beige\u00bb]<\/p>\n<h1 style=\"text-align: left;\"><span style=\"font-size: 70px;\">ALGUNOS DE NUESTROS PROYECTOS CERTIFICADOS<\/span><\/h1>\n<p>[\/vc_column_text][\/vc_column][\/vc_row][vc_row css_animation=\u00bb\u00bb row_type=\u00bbrow\u00bb use_row_as_full_screen_section=\u00bbno\u00bb type=\u00bbfull_width\u00bb angled_section=\u00bbno\u00bb text_align=\u00bbleft\u00bb background_image_as_pattern=\u00bbwithout_pattern\u00bb][vc_column css=\u00bb.vc_custom_1654779654006{padding-right: 0px !important;padding-left: 0px !important;}\u00bb][qode_elements_holder number_of_columns=\u00bbfour_columns\u00bb][qode_elements_holder_item advanced_animations=\u00bbno\u00bb]<div class='image_hover ' style='' data-transition-delay=''><div class='images_holder'><a itemprop='url' href='https:\/\/www.frapont.es\/portfolio_page\/gnist\/' target='_blank'><img itemprop='image' class='active_image ' src='https:\/\/www.frapont.es\/wp-content\/uploads\/2026\/03\/proyectos-certificados-01.png' alt='' style='' loading='lazy' \/><img itemprop='image' class='hover_image' src='https:\/\/www.frapont.es\/wp-content\/uploads\/2026\/03\/proyectos-certificados-02.png' alt='' style='' loading='lazy' \/><\/a><\/div><\/div>[\/qode_elements_holder_item][qode_elements_holder_item advanced_animations=\u00bbno\u00bb]<div class='image_hover ' style='' data-transition-delay=''><div class='images_holder'><a itemprop='url' href='https:\/\/www.frapont.es\/portfolio_page\/telenor\/' target='_blank'><img itemprop='image' class='active_image ' src='https:\/\/www.frapont.es\/wp-content\/uploads\/2026\/03\/proyectos-certificados-07.png' alt='' style='' loading='lazy' \/><img itemprop='image' class='hover_image' src='https:\/\/www.frapont.es\/wp-content\/uploads\/2026\/03\/proyectos-certificados-08.png' alt='' style='' loading='lazy' \/><\/a><\/div><\/div>[\/qode_elements_holder_item][qode_elements_holder_item advanced_animations=\u00bbno\u00bb]<div class='image_hover ' style='' data-transition-delay=''><div class='images_holder'><a itemprop='url' href='https:\/\/www.frapont.es\/portfolio_page\/torre-puig\/' target='_blank'><img itemprop='image' class='active_image ' src='https:\/\/www.frapont.es\/wp-content\/uploads\/2026\/03\/proyectos-certificados-09.png' alt='' style='' loading='lazy' \/><img itemprop='image' class='hover_image' src='https:\/\/www.frapont.es\/wp-content\/uploads\/2026\/03\/proyectos-certificados-10.png' alt='' style='' loading='lazy' \/><\/a><\/div><\/div>[\/qode_elements_holder_item][qode_elements_holder_item advanced_animations=\u00bbno\u00bb]<div class='image_hover ' style='' data-transition-delay=''><div class='images_holder'><a itemprop='url' href='https:\/\/www.frapont.es\/es\/portfolio_page\/cavendish-sfh\/' target='_blank'><img itemprop='image' class='active_image ' src='https:\/\/www.frapont.es\/wp-content\/uploads\/2026\/03\/proyectos-certificados-13.png' alt='' style='' loading='lazy' \/><img itemprop='image' class='hover_image' src='https:\/\/www.frapont.es\/wp-content\/uploads\/2026\/03\/proyectos-certificados-14.png' alt='' style='' loading='lazy' \/><\/a><\/div><\/div>[\/qode_elements_holder_item][\/qode_elements_holder][qode_elements_holder number_of_columns=\u00bbfour_columns\u00bb][qode_elements_holder_item advanced_animations=\u00bbno\u00bb]<div class='image_hover ' style='' data-transition-delay=''><div class='images_holder'><a itemprop='url' href='https:\/\/www.frapont.es\/es\/portfolio_page\/proyectos-revestimientos-acusticos-de-madera\/' target='_blank'><img itemprop='image' class='active_image ' src='https:\/\/www.frapont.es\/wp-content\/uploads\/2026\/03\/proyectos-certificados-03.png' alt='' style='' loading='lazy' \/><img itemprop='image' class='hover_image' src='https:\/\/www.frapont.es\/wp-content\/uploads\/2026\/03\/proyectos-certificados-04.png' alt='' style='' loading='lazy' \/><\/a><\/div><\/div>[\/qode_elements_holder_item][qode_elements_holder_item advanced_animations=\u00bbno\u00bb]<div class='image_hover ' style='' data-transition-delay=''><div class='images_holder'><a itemprop='url' href='https:\/\/www.frapont.es\/es\/portfolio_page\/saint-gobian\/' target='_blank'><img itemprop='image' class='active_image ' src='https:\/\/www.frapont.es\/wp-content\/uploads\/2026\/03\/proyectos-certificados-05.png' alt='' style='' loading='lazy' \/><img itemprop='image' class='hover_image' src='https:\/\/www.frapont.es\/wp-content\/uploads\/2026\/03\/proyectos-certificados-06.png' alt='' style='' loading='lazy' \/><\/a><\/div><\/div>[\/qode_elements_holder_item][qode_elements_holder_item advanced_animations=\u00bbno\u00bb]<div class='image_hover ' style='' data-transition-delay=''><div class='images_holder'><a itemprop='url' href='https:\/\/www.frapont.es\/portfolio_page\/axeltorv\/' target='_blank'><img itemprop='image' class='active_image ' src='https:\/\/www.frapont.es\/wp-content\/uploads\/2026\/03\/proyectos-certificados-11.png' alt='' style='' loading='lazy' \/><img itemprop='image' class='hover_image' src='https:\/\/www.frapont.es\/wp-content\/uploads\/2026\/03\/proyectos-certificados-12.png' alt='' style='' loading='lazy' \/><\/a><\/div><\/div>[\/qode_elements_holder_item][qode_elements_holder_item advanced_animations=\u00bbno\u00bb]<div class='image_hover ' style='' data-transition-delay=''><div class='images_holder'><a itemprop='url' href='https:\/\/www.frapont.es\/portfolio_page\/sara_kulturhus\/' target='_blank'><img itemprop='image' class='active_image ' src='https:\/\/www.frapont.es\/wp-content\/uploads\/2026\/03\/proyectos-certificados-15.png' alt='' style='' loading='lazy' \/><img itemprop='image' class='hover_image' src='https:\/\/www.frapont.es\/wp-content\/uploads\/2026\/03\/proyectos-certificados-16.png' alt='' style='' loading='lazy' \/><\/a><\/div><\/div>[\/qode_elements_holder_item][\/qode_elements_holder][\/vc_column][\/vc_row][vc_row css_animation=\u00bb\u00bb row_type=\u00bbrow\u00bb use_row_as_full_screen_section=\u00bbno\u00bb type=\u00bbfull_width\u00bb angled_section=\u00bbno\u00bb text_align=\u00bbleft\u00bb background_image_as_pattern=\u00bbwithout_pattern\u00bb][vc_column][vc_empty_space height=\u00bb52px\u00bb][\/vc_column][\/vc_row][vc_row css_animation=\u00bb\u00bb row_type=\u00bbrow\u00bb use_row_as_full_screen_section=\u00bbyes\u00bb type=\u00bbfull_width\u00bb angled_section=\u00bbno\u00bb text_align=\u00bbleft\u00bb background_image_as_pattern=\u00bbwithout_pattern\u00bb z_index=\u00bb\u00bb background_image=\u00bb93142&#8243; padding_top=\u00bb120px\u00bb padding_bottom=\u00bb120px\u00bb el_class=\u00bbbanner-imagen\u00bb][vc_column width=\u00bb2\/5&#8243;][\/vc_column][vc_column width=\u00bb2\/5&#8243;][vc_column_text css=\u00bb.vc_custom_1773058533451{padding-top: 20% !important;padding-right: 10% !important;padding-bottom: 20% !important;}\u00bb el_class=\u00bbtexto-beige\u00bb]<span style=\"font-size: 20px;\">Nuestras instalaciones cuentan con paneles solares como parte de\u00a0 nuestra fuente de energ\u00eda, reflejando nuestro compromiso con un dise\u00f1o sostenible y responsable.<\/span>[\/vc_column_text][\/vc_column][vc_column width=\u00bb1\/5&#8243;][\/vc_column][\/vc_row][vc_row css_animation=\u00bb\u00bb row_type=\u00bbrow\u00bb use_row_as_full_screen_section=\u00bbno\u00bb type=\u00bbfull_width\u00bb angled_section=\u00bbno\u00bb text_align=\u00bbleft\u00bb background_image_as_pattern=\u00bbwithout_pattern\u00bb z_index=\u00bb\u00bb css=\u00bb.vc_custom_1773834578007{padding-top: 5% !important;padding-bottom: 5% !important;}\u00bb][vc_column][vc_video link=\u00bbhttps:\/\/www.youtube.com\/watch?v=B1mXBxNkd0M\u00bb align=\u00bbcenter\u00bb css_animation=\u00bbfadeIn\u00bb css=\u00bb\u00bb][\/vc_column][\/vc_row]<\/p>\n<\/div>","protected":false},"excerpt":{"rendered":"<p>[vc_row css_animation=\u00bb\u00bb row_type=\u00bbrow\u00bb use_row_as_full_screen_section=\u00bbno\u00bb type=\u00bbfull_width\u00bb angled_section=\u00bbno\u00bb text_align=\u00bbleft\u00bb background_image_as_pattern=\u00bbwithout_pattern\u00bb css=\u00bb.vc_custom_1773936897454{background-color: #084734 !important;}\u00bb z_index=\u00bb\u00bb el_class=\u00bbfull-width-green2&#8243;][vc_column][vc_column_text css=\u00bb\u00bb el_class=\u00bbtexto-beige\u00bb]&#8230;<\/p>\n","protected":false},"author":2,"featured_media":0,"parent":0,"menu_order":0,"comment_status":"closed","ping_status":"closed","template":"","meta":{"footnotes":""},"class_list":["post-92183","page","type-page","status-publish","hentry"],"yoast_head":"<!-- This site is optimized with the Yoast SEO plugin v27.3 - https:\/\/yoast.com\/product\/yoast-seo-wordpress\/ -->\n<title>Nuestro compromisocon la sostenibilidad &#8211; Frapont<\/title>\n<meta name=\"robots\" content=\"index, follow, max-snippet:-1, max-image-preview:large, max-video-preview:-1\" \/>\n<link rel=\"canonical\" href=\"https:\/\/www.frapont.es\/es\/sostenibilidad\/\" \/>\n<meta property=\"og:locale\" content=\"es_ES\" \/>\n<meta property=\"og:type\" content=\"article\" \/>\n<meta property=\"og:title\" content=\"Nuestro compromisocon la sostenibilidad &#8211; Frapont\" \/>\n<meta property=\"og:description\" content=\"[vc_row css_animation=\u00bb\u00bb row_type=\u00bbrow\u00bb use_row_as_full_screen_section=\u00bbno\u00bb type=\u00bbfull_width\u00bb angled_section=\u00bbno\u00bb text_align=\u00bbleft\u00bb background_image_as_pattern=\u00bbwithout_pattern\u00bb css=\u00bb.vc_custom_1773936897454{background-color: #084734 !important;}\u00bb z_index=\u00bb\u00bb el_class=\u00bbfull-width-green2&#8243;][vc_column][vc_column_text css=\u00bb\u00bb el_class=\u00bbtexto-beige\u00bb]...\" \/>\n<meta property=\"og:url\" content=\"https:\/\/www.frapont.es\/es\/sostenibilidad\/\" \/>\n<meta property=\"og:site_name\" content=\"Frapont\" \/>\n<meta property=\"article:publisher\" content=\"https:\/\/www.facebook.com\/Frapont\/\" \/>\n<meta property=\"article:modified_time\" content=\"2026-03-26T12:04:35+00:00\" \/>\n<meta name=\"twitter:card\" content=\"summary_large_image\" \/>\n<meta name=\"twitter:label1\" content=\"Tiempo de lectura\" \/>\n\t<meta name=\"twitter:data1\" content=\"3 minutos\" \/>\n<script type=\"application\/ld+json\" class=\"yoast-schema-graph\">{\"@context\":\"https:\\\/\\\/schema.org\",\"@graph\":[{\"@type\":\"WebPage\",\"@id\":\"https:\\\/\\\/www.frapont.es\\\/es\\\/sostenibilidad\\\/\",\"url\":\"https:\\\/\\\/www.frapont.es\\\/es\\\/sostenibilidad\\\/\",\"name\":\"Nuestro compromiso con la sostenibilidad &#8211; Frapont\",\"isPartOf\":{\"@id\":\"https:\\\/\\\/www.frapont.es\\\/#website\"},\"datePublished\":\"2026-03-09T11:41:07+00:00\",\"dateModified\":\"2026-03-26T12:04:35+00:00\",\"breadcrumb\":{\"@id\":\"https:\\\/\\\/www.frapont.es\\\/es\\\/sostenibilidad\\\/#breadcrumb\"},\"inLanguage\":\"es\",\"potentialAction\":[{\"@type\":\"ReadAction\",\"target\":[\"https:\\\/\\\/www.frapont.es\\\/es\\\/sostenibilidad\\\/\"]}]},{\"@type\":\"BreadcrumbList\",\"@id\":\"https:\\\/\\\/www.frapont.es\\\/es\\\/sostenibilidad\\\/#breadcrumb\",\"itemListElement\":[{\"@type\":\"ListItem\",\"position\":1,\"name\":\"Portada\",\"item\":\"https:\\\/\\\/www.frapont.es\\\/es\\\/\"},{\"@type\":\"ListItem\",\"position\":2,\"name\":\"Nuestro compromisocon la sostenibilidad\"}]},{\"@type\":\"WebSite\",\"@id\":\"https:\\\/\\\/www.frapont.es\\\/#website\",\"url\":\"https:\\\/\\\/www.frapont.es\\\/\",\"name\":\"Frapont\",\"description\":\"\",\"publisher\":{\"@id\":\"https:\\\/\\\/www.frapont.es\\\/#organization\"},\"potentialAction\":[{\"@type\":\"SearchAction\",\"target\":{\"@type\":\"EntryPoint\",\"urlTemplate\":\"https:\\\/\\\/www.frapont.es\\\/?s={search_term_string}\"},\"query-input\":{\"@type\":\"PropertyValueSpecification\",\"valueRequired\":true,\"valueName\":\"search_term_string\"}}],\"inLanguage\":\"es\"},{\"@type\":\"Organization\",\"@id\":\"https:\\\/\\\/www.frapont.es\\\/#organization\",\"name\":\"Frapont\",\"url\":\"https:\\\/\\\/www.frapont.es\\\/\",\"logo\":{\"@type\":\"ImageObject\",\"inLanguage\":\"es\",\"@id\":\"https:\\\/\\\/www.frapont.es\\\/#\\\/schema\\\/logo\\\/image\\\/\",\"url\":\"https:\\\/\\\/www.frapont.es\\\/wp-content\\\/uploads\\\/2019\\\/11\\\/logo-nav-negro-min.png\",\"contentUrl\":\"https:\\\/\\\/www.frapont.es\\\/wp-content\\\/uploads\\\/2019\\\/11\\\/logo-nav-negro-min.png\",\"width\":235,\"height\":59,\"caption\":\"Frapont\"},\"image\":{\"@id\":\"https:\\\/\\\/www.frapont.es\\\/#\\\/schema\\\/logo\\\/image\\\/\"},\"sameAs\":[\"https:\\\/\\\/www.facebook.com\\\/Frapont\\\/\",\"https:\\\/\\\/www.instagram.com\\\/frapont_wood_works\\\/\",\"https:\\\/\\\/www.linkedin.com\\\/company\\\/1739273\\\/admin\\\/\"]}]}<\/script>\n<!-- \/ Yoast SEO plugin. -->","yoast_head_json":{"title":"Nuestro compromisocon la sostenibilidad &#8211; Frapont","robots":{"index":"index","follow":"follow","max-snippet":"max-snippet:-1","max-image-preview":"max-image-preview:large","max-video-preview":"max-video-preview:-1"},"canonical":"https:\/\/www.frapont.es\/es\/sostenibilidad\/","og_locale":"es_ES","og_type":"article","og_title":"Nuestro compromisocon la sostenibilidad &#8211; Frapont","og_description":"[vc_row css_animation=\u00bb\u00bb row_type=\u00bbrow\u00bb use_row_as_full_screen_section=\u00bbno\u00bb type=\u00bbfull_width\u00bb angled_section=\u00bbno\u00bb text_align=\u00bbleft\u00bb background_image_as_pattern=\u00bbwithout_pattern\u00bb css=\u00bb.vc_custom_1773936897454{background-color: #084734 !important;}\u00bb z_index=\u00bb\u00bb el_class=\u00bbfull-width-green2&#8243;][vc_column][vc_column_text css=\u00bb\u00bb el_class=\u00bbtexto-beige\u00bb]...","og_url":"https:\/\/www.frapont.es\/es\/sostenibilidad\/","og_site_name":"Frapont","article_publisher":"https:\/\/www.facebook.com\/Frapont\/","article_modified_time":"2026-03-26T12:04:35+00:00","twitter_card":"summary_large_image","twitter_misc":{"Tiempo de lectura":"3 minutos"},"schema":{"@context":"https:\/\/schema.org","@graph":[{"@type":"WebPage","@id":"https:\/\/www.frapont.es\/es\/sostenibilidad\/","url":"https:\/\/www.frapont.es\/es\/sostenibilidad\/","name":"Nuestro compromiso con la sostenibilidad &#8211; Frapont","isPartOf":{"@id":"https:\/\/www.frapont.es\/#website"},"datePublished":"2026-03-09T11:41:07+00:00","dateModified":"2026-03-26T12:04:35+00:00","breadcrumb":{"@id":"https:\/\/www.frapont.es\/es\/sostenibilidad\/#breadcrumb"},"inLanguage":"es","potentialAction":[{"@type":"ReadAction","target":["https:\/\/www.frapont.es\/es\/sostenibilidad\/"]}]},{"@type":"BreadcrumbList","@id":"https:\/\/www.frapont.es\/es\/sostenibilidad\/#breadcrumb","itemListElement":[{"@type":"ListItem","position":1,"name":"Portada","item":"https:\/\/www.frapont.es\/es\/"},{"@type":"ListItem","position":2,"name":"Nuestro compromisocon la sostenibilidad"}]},{"@type":"WebSite","@id":"https:\/\/www.frapont.es\/#website","url":"https:\/\/www.frapont.es\/","name":"Frapont","description":"","publisher":{"@id":"https:\/\/www.frapont.es\/#organization"},"potentialAction":[{"@type":"SearchAction","target":{"@type":"EntryPoint","urlTemplate":"https:\/\/www.frapont.es\/?s={search_term_string}"},"query-input":{"@type":"PropertyValueSpecification","valueRequired":true,"valueName":"search_term_string"}}],"inLanguage":"es"},{"@type":"Organization","@id":"https:\/\/www.frapont.es\/#organization","name":"Frapont","url":"https:\/\/www.frapont.es\/","logo":{"@type":"ImageObject","inLanguage":"es","@id":"https:\/\/www.frapont.es\/#\/schema\/logo\/image\/","url":"https:\/\/www.frapont.es\/wp-content\/uploads\/2019\/11\/logo-nav-negro-min.png","contentUrl":"https:\/\/www.frapont.es\/wp-content\/uploads\/2019\/11\/logo-nav-negro-min.png","width":235,"height":59,"caption":"Frapont"},"image":{"@id":"https:\/\/www.frapont.es\/#\/schema\/logo\/image\/"},"sameAs":["https:\/\/www.facebook.com\/Frapont\/","https:\/\/www.instagram.com\/frapont_wood_works\/","https:\/\/www.linkedin.com\/company\/1739273\/admin\/"]}]}},"_links":{"self":[{"href":"https:\/\/www.frapont.es\/es\/wp-json\/wp\/v2\/pages\/92183","targetHints":{"allow":["GET"]}}],"collection":[{"href":"https:\/\/www.frapont.es\/es\/wp-json\/wp\/v2\/pages"}],"about":[{"href":"https:\/\/www.frapont.es\/es\/wp-json\/wp\/v2\/types\/page"}],"author":[{"embeddable":true,"href":"https:\/\/www.frapont.es\/es\/wp-json\/wp\/v2\/users\/2"}],"replies":[{"embeddable":true,"href":"https:\/\/www.frapont.es\/es\/wp-json\/wp\/v2\/comments?post=92183"}],"version-history":[{"count":320,"href":"https:\/\/www.frapont.es\/es\/wp-json\/wp\/v2\/pages\/92183\/revisions"}],"predecessor-version":[{"id":93113,"href":"https:\/\/www.frapont.es\/es\/wp-json\/wp\/v2\/pages\/92183\/revisions\/93113"}],"wp:attachment":[{"href":"https:\/\/www.frapont.es\/es\/wp-json\/wp\/v2\/media?parent=92183"}],"curies":[{"name":"wp","href":"https:\/\/api.w.org\/{rel}","templated":true}]}}