{"id":95677,"date":"2026-04-22T13:27:10","date_gmt":"2026-04-22T11:27:10","guid":{"rendered":"https:\/\/www.frapont.es\/?page_id=95677"},"modified":"2026-04-23T11:08:12","modified_gmt":"2026-04-23T09:08:12","slug":"trabaja-con-nosotros","status":"publish","type":"page","link":"https:\/\/www.frapont.es\/es\/trabaja-con-nosotros\/","title":{"rendered":"\u00danete al equipo"},"content":{"rendered":"<div class=\"wpb-content-wrapper\"><p>[vc_row css_animation=\u00bb\u00bb row_type=\u00bbrow\u00bb use_row_as_full_screen_section=\u00bbno\u00bb type=\u00bbfull_width\u00bb angled_section=\u00bbno\u00bb text_align=\u00bbleft\u00bb background_image_as_pattern=\u00bbwithout_pattern\u00bb css=\u00bb.vc_custom_1776928257089{padding-top: 8% !important;padding-bottom: 8% !important;}\u00bb z_index=\u00bb\u00bb][vc_column css_animation=\u00bbleft-to-right\u00bb css=\u00bb.vc_custom_1776777109540{padding-left: 15% !important;}\u00bb][vc_column_text css=\u00bb\u00bb]<\/p>\n<h1 style=\"text-align: left;\"><span style=\"font-size: 120px; color: #f7f5e9; font-family: helvetica; font-weight: bold;\"><br \/>\n\u00fanete al equipo<br \/>\n<\/span><\/h1>\n<p>[\/vc_column_text][\/vc_column][\/vc_row][vc_row css_animation=\u00bb\u00bb row_type=\u00bbrow\u00bb use_row_as_full_screen_section=\u00bbno\u00bb type=\u00bbfull_width\u00bb angled_section=\u00bbno\u00bb text_align=\u00bbleft\u00bb background_image_as_pattern=\u00bbwithout_pattern\u00bb z_index=\u00bb\u00bb css=\u00bb.vc_custom_1776769993767{padding-right: 5% !important;padding-left: 10% !important;}\u00bb][vc_column width=\u00bb1\/2&#8243;][\/vc_column][vc_column css_animation=\u00bbfadeIn\u00bb width=\u00bb1\/4&#8243; css=\u00bb.vc_custom_1776770224734{padding-right: 10% !important;}\u00bb]\n\n\t<a href=\"mailto:nblanch@frapont.com\" target=\"_blank\" style=\"color: #f7f5e9;font-family: Rubik;font-size: 20px;font-weight: 300;text-transform: none;font-style: normal\" class=\"qode-btn qode-btn-medium qode-btn-simple qode-btn-custom-hover-color qode-btn-custom-icon-bg-hover-color qode-btn-icon qode-btn-default-hover\" data-hover-color=\"#ebcf2f\" >\n\t    <span class=\"qode-btn-text\">T\u00c9CNICO DE PRODUCCI\u00d3N<\/span><span class=\"qode-button-v2-icon-holder\" style=\"font-size: 35px;border-color: #000000;background-color: #000000\" data-hover-icon-border-color=\"#000000\" data-hover-icon-bg-color=\"#000000\"><span aria-hidden=\"true\" class=\"qode_icon_font_elegant arrow_carrot-right qode-button-v2-icon-holder-inner\" ><\/span><\/span>\t<\/a>\n\n[vc_column_text css=\u00bb.vc_custom_1776929921316{padding-top: 2% !important;}\u00bb]<\/p>\n<div style=\"font-size: 17px; color: #f7f5e9; line-height: 1.2; font-weight: 300;\"><span style=\"font-size: 15px; font-weight: 300;\">Participa en la planificaci\u00f3n y seguimiento diario de la producci\u00f3n en obra, apoyando la coordinaci\u00f3n de equipos y asegurando la correcta ejecuci\u00f3n t\u00e9cnica conforme a planos, calidad y plazos establecidos.<br \/>\n<\/span><\/div>\n<div><\/div>\n<p>[\/vc_column_text][vc_empty_space height=\u00bb25px\u00bb][vc_separator css_animation=\u00bbfadeInUp\u00bb type=\u00bbnormal\u00bb thickness=\u00bb1px\u00bb][vc_empty_space height=\u00bb12px\u00bb]\n\n\t<a href=\"mailto:nblanch@frapont.com\" target=\"_blank\" style=\"color: #f7f5e9;font-family: Rubik;font-size: 20px;font-weight: 300;text-transform: none;font-style: normal\" class=\"qode-btn qode-btn-medium qode-btn-simple qode-btn-custom-hover-color qode-btn-custom-icon-bg-hover-color qode-btn-icon qode-btn-default-hover\" data-hover-color=\"#ebcf2f\" >\n\t    <span class=\"qode-btn-text\">T\u00c9CNICO DE CONSTRUCCI\u00d3N<\/span><span class=\"qode-button-v2-icon-holder\" style=\"font-size: 35px;border-color: #000000;background-color: #000000\" data-hover-icon-border-color=\"#000000\" data-hover-icon-bg-color=\"#000000\"><span aria-hidden=\"true\" class=\"qode_icon_font_elegant arrow_carrot-right qode-button-v2-icon-holder-inner\" ><\/span><\/span>\t<\/a>\n\n[vc_column_text css=\u00bb.vc_custom_1776929869095{padding-top: 2px !important;}\u00bb]<span style=\"font-size: 17px; color: #f7f5e9; line-height: 1.2;\"><span style=\"font-size: 15px;\">Da soporte en la ejecuci\u00f3n de obra, coordinando subcontratistas, supervisando la calidad de los trabajos y asegurando la correcta interpretaci\u00f3n y cumplimiento de los planos.\u00a0<\/span><\/span>[\/vc_column_text][\/vc_column][vc_column css_animation=\u00bbfadeIn\u00bb width=\u00bb1\/4&#8243; css=\u00bb.vc_custom_1776770247319{padding-right: 10% !important;}\u00bb]\n\n\t<a href=\"mailto:nblanch@frapont.com\" target=\"_blank\" style=\"color: #f7f5e9;font-family: Rubik;font-size: 20px;font-weight: 300;text-transform: none;font-style: normal\" class=\"qode-btn qode-btn-medium qode-btn-simple qode-btn-custom-hover-color qode-btn-custom-icon-bg-hover-color qode-btn-icon qode-btn-default-hover\" data-hover-color=\"#ebcf2f\" >\n\t    <span class=\"qode-btn-text\">SITE MANAGER<\/span><span class=\"qode-button-v2-icon-holder\" style=\"font-size: 35px;border-color: #000000;background-color: #000000\" data-hover-icon-border-color=\"#000000\" data-hover-icon-bg-color=\"#000000\"><span aria-hidden=\"true\" class=\"qode_icon_font_elegant arrow_carrot-right qode-button-v2-icon-holder-inner\" ><\/span><\/span>\t<\/a>\n\n[vc_column_text css=\u00bb.vc_custom_1776929760306{padding-top: 2px !important;}\u00bb]<span style=\"font-size: 17px; color: #f7f5e9; line-height: 1.2;\"><span style=\"font-size: 15px;\">Responsable de la gesti\u00f3n integral de la obra in situ, coordinando equipos, subcontratas y recursos. Garantiza el cumplimiento de plazos, calidad, presupuesto y est\u00e1ndares de seguridad en proyectos de interiorismo de alto nivel.<\/span><br \/>\n<\/span>[\/vc_column_text][vc_empty_space height=\u00bb14px\u00bb][vc_separator css_animation=\u00bbfadeInUp\u00bb type=\u00bbnormal\u00bb thickness=\u00bb1px\u00bb][vc_empty_space height=\u00bb12px\u00bb]\n\n\t<a href=\"mailto:nblanch@frapont.com\" target=\"_blank\" style=\"color: #f7f5e9;font-family: Rubik;font-size: 20px;font-weight: 300;text-transform: none;font-style: normal\" class=\"qode-btn qode-btn-medium qode-btn-simple qode-btn-custom-hover-color qode-btn-custom-icon-bg-hover-color qode-btn-icon qode-btn-default-hover\" data-hover-color=\"#ebcf2f\" >\n\t    <span class=\"qode-btn-text\">CARPINTERO SENIOR<\/span><span class=\"qode-button-v2-icon-holder\" style=\"font-size: 35px;border-color: #000000;background-color: #000000\" data-hover-icon-border-color=\"#000000\" data-hover-icon-bg-color=\"#000000\"><span aria-hidden=\"true\" class=\"qode_icon_font_elegant arrow_carrot-right qode-button-v2-icon-holder-inner\" ><\/span><\/span>\t<\/a>\n\n[vc_column_text css=\u00bb.vc_custom_1776769513786{padding-top: 2px !important;}\u00bb]<span style=\"font-size: 17px; color: #f7f5e9; line-height: 1.2;\"><span style=\"font-size: 15px;\">Trabaja de forma pr\u00e1ctica en la fabricaci\u00f3n de piezas de carpinter\u00eda \u00fanicas y precisas, combinando t\u00e9cnicas tradicionales con maquinaria avanzada en nuestro taller de Barcelona.<\/span><br \/>\n<\/span>[\/vc_column_text][\/vc_column][\/vc_row][vc_row css_animation=\u00bb\u00bb row_type=\u00bbrow\u00bb use_row_as_full_screen_section=\u00bbno\u00bb type=\u00bbfull_width\u00bb angled_section=\u00bbno\u00bb text_align=\u00bbleft\u00bb background_image_as_pattern=\u00bbwithout_pattern\u00bb z_index=\u00bb\u00bb css=\u00bb.vc_custom_1776776850259{padding-top: 5% !important;}\u00bb][vc_column][vc_single_image image=\u00bb95810&#8243; img_size=\u00bbfull\u00bb css=\u00bb\u00bb qode_css_animation=\u00bbelement_from_bottom\u00bb][\/vc_column][\/vc_row][vc_row css_animation=\u00bb\u00bb row_type=\u00bbrow\u00bb use_row_as_full_screen_section=\u00bbno\u00bb type=\u00bbfull_width\u00bb angled_section=\u00bbno\u00bb text_align=\u00bbleft\u00bb background_image_as_pattern=\u00bbwithout_pattern\u00bb z_index=\u00bb\u00bb background_color=\u00bb#ffffff\u00bb border_color=\u00bb#ffffff\u00bb][vc_column][vc_empty_space height=\u00bb100px\u00bb][\/vc_column][\/vc_row][vc_row css_animation=\u00bb\u00bb row_type=\u00bbrow\u00bb use_row_as_full_screen_section=\u00bbno\u00bb type=\u00bbfull_width\u00bb angled_section=\u00bbno\u00bb text_align=\u00bbleft\u00bb background_image_as_pattern=\u00bbwithout_pattern\u00bb z_index=\u00bb\u00bb background_color=\u00bb#ffffff\u00bb border_color=\u00bb#ffffff\u00bb css=\u00bb.vc_custom_1776854231603{padding-right: 10% !important;}\u00bb][vc_column css_animation=\u00bbfadeInLeft\u00bb width=\u00bb3\/5&#8243; css=\u00bb.vc_custom_1776925745234{padding-left: 5% !important;}\u00bb][vc_empty_space][vc_column_text css=\u00bb\u00bb]<\/p>\n<h1 style=\"text-align: left;\"><span style=\"font-size: 100px; font-family: helvetica; line-height: 0.9;\"><br \/>\nun espacio creado para que el talento crezca, se inspire y marque la diferencia<br \/>\n<\/span><\/h1>\n<p>[\/vc_column_text][vc_empty_space][vc_row_inner row_type=\u00bbrow\u00bb type=\u00bbfull_width\u00bb text_align=\u00bbleft\u00bb css_animation=\u00bb\u00bb][vc_column_inner width=\u00bb1\/3&#8243;][\/vc_column_inner][vc_column_inner width=\u00bb1\/3&#8243;][\/vc_column_inner][vc_column_inner width=\u00bb1\/3&#8243;][vc_empty_space][vc_column_text css=\u00bb\u00bb]<span style=\"font-size: 22px;\">Caracas 6<br \/>\n08030<br \/>\nBarcelona, Spain<\/span>[\/vc_column_text][\/vc_column_inner][\/vc_row_inner][\/vc_column][vc_column css_animation=\u00bbfadeIn\u00bb width=\u00bb2\/5&#8243; css=\u00bb.vc_custom_1776925753164{padding-right: 10% !important;padding-left: 20% !important;}\u00bb][vc_gallery interval=\u00bb3&#8243; images=\u00bb95834,95848,95855,95911,95904,95883,95876,95897,95862,95827,95841,95890,95869&#8243; img_size=\u00bbfull\u00bb onclick=\u00bb\u00bb css_animation=\u00bbfadeInUp\u00bb css=\u00bb\u00bb enable_drag=\u00bbyes\u00bb pause_on_hover=\u00bbno\u00bb][\/vc_column][\/vc_row][vc_row css_animation=\u00bbelement_from_left\u00bb row_type=\u00bbrow\u00bb use_row_as_full_screen_section=\u00bbno\u00bb type=\u00bbfull_width\u00bb angled_section=\u00bbno\u00bb text_align=\u00bbleft\u00bb background_image_as_pattern=\u00bbwithout_pattern\u00bb z_index=\u00bb\u00bb background_color=\u00bb#ffffff\u00bb css=\u00bb.vc_custom_1776927145635{padding-right: 2% !important;padding-left: 2% !important;}\u00bb][vc_column css_animation=\u00bbfadeInLeft\u00bb][vc_separator css_animation=\u00bbfadeInLeft\u00bb type=\u00bbnormal\u00bb color=\u00bb#0a0a0a\u00bb thickness=\u00bb1px\u00bb up=\u00bb10px\u00bb down=\u00bb30px\u00bb][vc_empty_space height=\u00bb100px\u00bb][\/vc_column][\/vc_row][vc_row css_animation=\u00bb\u00bb row_type=\u00bbrow\u00bb use_row_as_full_screen_section=\u00bbno\u00bb type=\u00bbfull_width\u00bb angled_section=\u00bbno\u00bb text_align=\u00bbleft\u00bb background_image_as_pattern=\u00bbwithout_pattern\u00bb z_index=\u00bb\u00bb background_color=\u00bb#ffffff\u00bb][vc_column css_animation=\u00bbfadeIn\u00bb][vc_column_text css=\u00bb\u00bb]<\/p>\n<p style=\"text-align: center; line-height: 1.1;\"><span style=\"font-size: 78px; line-height: 1.1;\"><br \/>\nCONSTRUYE TU FUTURO CON NOSOTROS<br \/>\n<\/span><\/p>\n<p>[\/vc_column_text][vc_empty_space height=\u00bb120px\u00bb][\/vc_column][\/vc_row][vc_row css_animation=\u00bb\u00bb row_type=\u00bbrow\u00bb use_row_as_full_screen_section=\u00bbno\u00bb type=\u00bbfull_width\u00bb angled_section=\u00bbno\u00bb text_align=\u00bbleft\u00bb background_image_as_pattern=\u00bbwithout_pattern\u00bb z_index=\u00bb\u00bb background_color=\u00bb#ffffff\u00bb css=\u00bb.vc_custom_1776866217038{padding-right: 10% !important;padding-left: 10% !important;}\u00bb][vc_column width=\u00bb1\/4&#8243; css=\u00bb.vc_custom_1776867378857{padding-right: 8% !important;padding-left: 8% !important;}\u00bb][vc_column_text css=\u00bb\u00bb]<\/p>\n<h4 style=\"text-align: center;\"><span style=\"font-size: 22px;\">PROYECTOS SINGULARES<\/span><\/h4>\n<p>[\/vc_column_text][vc_empty_space height=\u00bb20px\u00bb][vc_single_image image=\u00bb90857&#8243; img_size=\u00bbmedium\u00bb alignment=\u00bbcenter\u00bb css=\u00bb\u00bb qode_css_animation=\u00bb\u00bb][vc_empty_space height=\u00bb30px\u00bb][vc_column_text css=\u00bb.vc_custom_1776925856691{padding-left: 2% !important;}\u00bb]<\/p>\n<p style=\"text-align: left;\"><span style=\"font-size: 16px;\">Trabaja en proyectos que dejan huella. <\/span><span style=\"font-size: 16px;\">En Frapont participamos en edificios ic\u00f3nicos dise\u00f1ados por arquitectos de prestigio internacional. Cada proyecto es un reto que impulsa nuestro crecimiento profesional y colectivo.<\/span><\/p>\n<p>[\/vc_column_text][\/vc_column][vc_column width=\u00bb1\/4&#8243; css=\u00bb.vc_custom_1776867385466{padding-right: 8% !important;padding-left: 8% !important;}\u00bb][vc_column_text css=\u00bb\u00bb]<\/p>\n<h4 style=\"text-align: center;\"><span style=\"font-size: 22px;\">CARRERA INTERNACIONAL<\/span><\/h4>\n<p>[\/vc_column_text][vc_empty_space height=\u00bb20px\u00bb][vc_single_image image=\u00bb96101&#8243; img_size=\u00bbmedium\u00bb alignment=\u00bbcenter\u00bb css=\u00bb\u00bb qode_css_animation=\u00bb\u00bb][vc_empty_space height=\u00bb30px\u00bb][vc_column_text css=\u00bb.vc_custom_1776925861066{padding-left: 2% !important;}\u00bb]<\/p>\n<p style=\"text-align: left;\"><span style=\"font-size: 16px;\">Tu talento, sin fronteras. Desarrolla tu carrera en Europa y Oriente Medio, formando parte de proyectos de gran escala en entornos multiculturales como Francia, Noruega, Reino Unido o Emiratos \u00c1rabes Unidos.<\/span><\/p>\n<p>[\/vc_column_text][\/vc_column][vc_column width=\u00bb1\/4&#8243; css=\u00bb.vc_custom_1776867353649{padding-right: 8% !important;padding-left: 8% !important;}\u00bb][vc_column_text css=\u00bb\u00bb]<\/p>\n<h4 style=\"text-align: center;\"><span style=\"font-size: 22px;\">PERSONAS SINGULARES<\/span><\/h4>\n<p>[\/vc_column_text][vc_empty_space height=\u00bb20px\u00bb][vc_single_image image=\u00bb96108&#8243; img_size=\u00bbmedium\u00bb alignment=\u00bbcenter\u00bb css=\u00bb\u00bb qode_css_animation=\u00bb\u00bb][vc_empty_space height=\u00bb30px\u00bb][vc_column_text css=\u00bb.vc_custom_1776925866537{padding-left: 2% !important;}\u00bb]<\/p>\n<p style=\"text-align: left;\"><span style=\"font-size: 16px;\">El talento marca la diferencia. Formar\u00e1s parte de un equipo colaborativo y multidisciplinar, donde aprender\u00e1s de grandes profesionales y aportar\u00e1s tu visi\u00f3n con herramientas y metodolog\u00edas de vanguardia.<\/span><\/p>\n<p>[\/vc_column_text][\/vc_column][vc_column width=\u00bb1\/4&#8243; css=\u00bb.vc_custom_1776867361636{padding-right: 8% !important;padding-left: 8% !important;}\u00bb][vc_column_text css=\u00bb\u00bb]<\/p>\n<h4 style=\"text-align: center;\"><span style=\"font-size: 22px;\">NUESTROS VALORES<\/span><\/h4>\n<p>[\/vc_column_text][vc_empty_space height=\u00bb20px\u00bb][vc_single_image image=\u00bb96115&#8243; img_size=\u00bbmedium\u00bb alignment=\u00bbcenter\u00bb css=\u00bb\u00bb qode_css_animation=\u00bb\u00bb][vc_empty_space height=\u00bb30px\u00bb][vc_column_text css=\u00bb.vc_custom_1776930157113{padding-left: 2% !important;}\u00bb]<\/p>\n<p style=\"text-align: left;\"><span style=\"font-size: 16px;\">Lo que nos mueve. Compromiso, profesionalidad, pasi\u00f3n y trabajo en equipo nos impulsan desde hace m\u00e1s de 90 a\u00f1os a seguir construyendo el futuro juntos.<\/span><\/p>\n<p>[\/vc_column_text][\/vc_column][\/vc_row][vc_row css_animation=\u00bb\u00bb row_type=\u00bbrow\u00bb use_row_as_full_screen_section=\u00bbno\u00bb type=\u00bbfull_width\u00bb angled_section=\u00bbno\u00bb text_align=\u00bbleft\u00bb background_image_as_pattern=\u00bbwithout_pattern\u00bb z_index=\u00bb\u00bb background_color=\u00bb#ffffff\u00bb][vc_column css_animation=\u00bbfadeInUp\u00bb][vc_empty_space height=\u00bb100px\u00bb][vc_column_text css=\u00bb\u00bb]<\/p>\n<p style=\"text-align: center;\"><span style=\"font-size: 20px;\">Siempre estamos abiertos a incorporar talento. \u00a1Cu\u00e9ntanos tu perfil!<\/span><\/p>\n<p>[\/vc_column_text][vc_empty_space][vc_btn title=\u00bbEnviar CV\u00bb style=\u00bbflat\u00bb color=\u00bbblack\u00bb size=\u00bblg\u00bb align=\u00bbcenter\u00bb i_icon_fontawesome=\u00bbfas fa-paper-plane\u00bb css_animation=\u00bbnone\u00bb css=\u00bb\u00bb add_icon=\u00bbtrue\u00bb link=\u00bburl:mailto%3A%20nblanch%40frapont.com|target:_blank\u00bb][vc_empty_space height=\u00bb150px\u00bb][\/vc_column][\/vc_row]<\/p>\n<\/div>","protected":false},"excerpt":{"rendered":"<p>[vc_row css_animation=\u00bb\u00bb row_type=\u00bbrow\u00bb use_row_as_full_screen_section=\u00bbno\u00bb type=\u00bbfull_width\u00bb angled_section=\u00bbno\u00bb text_align=\u00bbleft\u00bb background_image_as_pattern=\u00bbwithout_pattern\u00bb css=\u00bb.vc_custom_1776928257089{padding-top: 8% !important;padding-bottom: 8% !important;}\u00bb z_index=\u00bb\u00bb][vc_column css_animation=\u00bbleft-to-right\u00bb&#8230;<\/p>\n","protected":false},"author":2,"featured_media":0,"parent":0,"menu_order":0,"comment_status":"closed","ping_status":"closed","template":"full_width.php","meta":{"footnotes":""},"class_list":["post-95677","page","type-page","status-publish","hentry"],"yoast_head":"<!-- This site is optimized with the Yoast SEO plugin v27.3 - https:\/\/yoast.com\/product\/yoast-seo-wordpress\/ -->\n<title>\u00danete al equipo &#8211; Frapont<\/title>\n<meta name=\"robots\" content=\"index, follow, max-snippet:-1, max-image-preview:large, max-video-preview:-1\" \/>\n<link rel=\"canonical\" href=\"https:\/\/www.frapont.es\/es\/trabaja-con-nosotros\/\" \/>\n<meta property=\"og:locale\" content=\"es_ES\" \/>\n<meta property=\"og:type\" content=\"article\" \/>\n<meta property=\"og:title\" content=\"\u00danete al equipo &#8211; Frapont\" \/>\n<meta property=\"og:description\" content=\"[vc_row css_animation=\u00bb\u00bb row_type=\u00bbrow\u00bb use_row_as_full_screen_section=\u00bbno\u00bb type=\u00bbfull_width\u00bb angled_section=\u00bbno\u00bb text_align=\u00bbleft\u00bb background_image_as_pattern=\u00bbwithout_pattern\u00bb css=\u00bb.vc_custom_1776928257089{padding-top: 8% !important;padding-bottom: 8% !important;}\u00bb z_index=\u00bb\u00bb][vc_column css_animation=\u00bbleft-to-right\u00bb...\" \/>\n<meta property=\"og:url\" content=\"https:\/\/www.frapont.es\/es\/trabaja-con-nosotros\/\" \/>\n<meta property=\"og:site_name\" content=\"Frapont\" \/>\n<meta property=\"article:publisher\" content=\"https:\/\/www.facebook.com\/Frapont\/\" \/>\n<meta property=\"article:modified_time\" content=\"2026-04-23T09:08:12+00:00\" \/>\n<meta name=\"twitter:card\" content=\"summary_large_image\" \/>\n<meta name=\"twitter:label1\" content=\"Tiempo de lectura\" \/>\n\t<meta name=\"twitter:data1\" content=\"3 minutos\" \/>\n<script type=\"application\/ld+json\" class=\"yoast-schema-graph\">{\"@context\":\"https:\\\/\\\/schema.org\",\"@graph\":[{\"@type\":\"WebPage\",\"@id\":\"https:\\\/\\\/www.frapont.es\\\/es\\\/trabaja-con-nosotros\\\/\",\"url\":\"https:\\\/\\\/www.frapont.es\\\/es\\\/trabaja-con-nosotros\\\/\",\"name\":\"\u00danete al equipo &#8211; Frapont\",\"isPartOf\":{\"@id\":\"https:\\\/\\\/www.frapont.es\\\/#website\"},\"datePublished\":\"2026-04-22T11:27:10+00:00\",\"dateModified\":\"2026-04-23T09:08:12+00:00\",\"breadcrumb\":{\"@id\":\"https:\\\/\\\/www.frapont.es\\\/es\\\/trabaja-con-nosotros\\\/#breadcrumb\"},\"inLanguage\":\"es\",\"potentialAction\":[{\"@type\":\"ReadAction\",\"target\":[\"https:\\\/\\\/www.frapont.es\\\/es\\\/trabaja-con-nosotros\\\/\"]}]},{\"@type\":\"BreadcrumbList\",\"@id\":\"https:\\\/\\\/www.frapont.es\\\/es\\\/trabaja-con-nosotros\\\/#breadcrumb\",\"itemListElement\":[{\"@type\":\"ListItem\",\"position\":1,\"name\":\"Portada\",\"item\":\"https:\\\/\\\/www.frapont.es\\\/es\\\/\"},{\"@type\":\"ListItem\",\"position\":2,\"name\":\"\u00danete al equipo\"}]},{\"@type\":\"WebSite\",\"@id\":\"https:\\\/\\\/www.frapont.es\\\/#website\",\"url\":\"https:\\\/\\\/www.frapont.es\\\/\",\"name\":\"Frapont\",\"description\":\"\",\"publisher\":{\"@id\":\"https:\\\/\\\/www.frapont.es\\\/#organization\"},\"potentialAction\":[{\"@type\":\"SearchAction\",\"target\":{\"@type\":\"EntryPoint\",\"urlTemplate\":\"https:\\\/\\\/www.frapont.es\\\/?s={search_term_string}\"},\"query-input\":{\"@type\":\"PropertyValueSpecification\",\"valueRequired\":true,\"valueName\":\"search_term_string\"}}],\"inLanguage\":\"es\"},{\"@type\":\"Organization\",\"@id\":\"https:\\\/\\\/www.frapont.es\\\/#organization\",\"name\":\"Frapont\",\"url\":\"https:\\\/\\\/www.frapont.es\\\/\",\"logo\":{\"@type\":\"ImageObject\",\"inLanguage\":\"es\",\"@id\":\"https:\\\/\\\/www.frapont.es\\\/#\\\/schema\\\/logo\\\/image\\\/\",\"url\":\"https:\\\/\\\/www.frapont.es\\\/wp-content\\\/uploads\\\/2019\\\/11\\\/logo-nav-negro-min.png\",\"contentUrl\":\"https:\\\/\\\/www.frapont.es\\\/wp-content\\\/uploads\\\/2019\\\/11\\\/logo-nav-negro-min.png\",\"width\":235,\"height\":59,\"caption\":\"Frapont\"},\"image\":{\"@id\":\"https:\\\/\\\/www.frapont.es\\\/#\\\/schema\\\/logo\\\/image\\\/\"},\"sameAs\":[\"https:\\\/\\\/www.facebook.com\\\/Frapont\\\/\",\"https:\\\/\\\/www.instagram.com\\\/frapont_wood_works\\\/\",\"https:\\\/\\\/www.linkedin.com\\\/company\\\/1739273\\\/admin\\\/\"]}]}<\/script>\n<!-- \/ Yoast SEO plugin. -->","yoast_head_json":{"title":"\u00danete al equipo &#8211; Frapont","robots":{"index":"index","follow":"follow","max-snippet":"max-snippet:-1","max-image-preview":"max-image-preview:large","max-video-preview":"max-video-preview:-1"},"canonical":"https:\/\/www.frapont.es\/es\/trabaja-con-nosotros\/","og_locale":"es_ES","og_type":"article","og_title":"\u00danete al equipo &#8211; Frapont","og_description":"[vc_row css_animation=\u00bb\u00bb row_type=\u00bbrow\u00bb use_row_as_full_screen_section=\u00bbno\u00bb type=\u00bbfull_width\u00bb angled_section=\u00bbno\u00bb text_align=\u00bbleft\u00bb background_image_as_pattern=\u00bbwithout_pattern\u00bb css=\u00bb.vc_custom_1776928257089{padding-top: 8% !important;padding-bottom: 8% !important;}\u00bb z_index=\u00bb\u00bb][vc_column css_animation=\u00bbleft-to-right\u00bb...","og_url":"https:\/\/www.frapont.es\/es\/trabaja-con-nosotros\/","og_site_name":"Frapont","article_publisher":"https:\/\/www.facebook.com\/Frapont\/","article_modified_time":"2026-04-23T09:08:12+00:00","twitter_card":"summary_large_image","twitter_misc":{"Tiempo de lectura":"3 minutos"},"schema":{"@context":"https:\/\/schema.org","@graph":[{"@type":"WebPage","@id":"https:\/\/www.frapont.es\/es\/trabaja-con-nosotros\/","url":"https:\/\/www.frapont.es\/es\/trabaja-con-nosotros\/","name":"\u00danete al equipo &#8211; Frapont","isPartOf":{"@id":"https:\/\/www.frapont.es\/#website"},"datePublished":"2026-04-22T11:27:10+00:00","dateModified":"2026-04-23T09:08:12+00:00","breadcrumb":{"@id":"https:\/\/www.frapont.es\/es\/trabaja-con-nosotros\/#breadcrumb"},"inLanguage":"es","potentialAction":[{"@type":"ReadAction","target":["https:\/\/www.frapont.es\/es\/trabaja-con-nosotros\/"]}]},{"@type":"BreadcrumbList","@id":"https:\/\/www.frapont.es\/es\/trabaja-con-nosotros\/#breadcrumb","itemListElement":[{"@type":"ListItem","position":1,"name":"Portada","item":"https:\/\/www.frapont.es\/es\/"},{"@type":"ListItem","position":2,"name":"\u00danete al equipo"}]},{"@type":"WebSite","@id":"https:\/\/www.frapont.es\/#website","url":"https:\/\/www.frapont.es\/","name":"Frapont","description":"","publisher":{"@id":"https:\/\/www.frapont.es\/#organization"},"potentialAction":[{"@type":"SearchAction","target":{"@type":"EntryPoint","urlTemplate":"https:\/\/www.frapont.es\/?s={search_term_string}"},"query-input":{"@type":"PropertyValueSpecification","valueRequired":true,"valueName":"search_term_string"}}],"inLanguage":"es"},{"@type":"Organization","@id":"https:\/\/www.frapont.es\/#organization","name":"Frapont","url":"https:\/\/www.frapont.es\/","logo":{"@type":"ImageObject","inLanguage":"es","@id":"https:\/\/www.frapont.es\/#\/schema\/logo\/image\/","url":"https:\/\/www.frapont.es\/wp-content\/uploads\/2019\/11\/logo-nav-negro-min.png","contentUrl":"https:\/\/www.frapont.es\/wp-content\/uploads\/2019\/11\/logo-nav-negro-min.png","width":235,"height":59,"caption":"Frapont"},"image":{"@id":"https:\/\/www.frapont.es\/#\/schema\/logo\/image\/"},"sameAs":["https:\/\/www.facebook.com\/Frapont\/","https:\/\/www.instagram.com\/frapont_wood_works\/","https:\/\/www.linkedin.com\/company\/1739273\/admin\/"]}]}},"_links":{"self":[{"href":"https:\/\/www.frapont.es\/es\/wp-json\/wp\/v2\/pages\/95677","targetHints":{"allow":["GET"]}}],"collection":[{"href":"https:\/\/www.frapont.es\/es\/wp-json\/wp\/v2\/pages"}],"about":[{"href":"https:\/\/www.frapont.es\/es\/wp-json\/wp\/v2\/types\/page"}],"author":[{"embeddable":true,"href":"https:\/\/www.frapont.es\/es\/wp-json\/wp\/v2\/users\/2"}],"replies":[{"embeddable":true,"href":"https:\/\/www.frapont.es\/es\/wp-json\/wp\/v2\/comments?post=95677"}],"version-history":[{"count":294,"href":"https:\/\/www.frapont.es\/es\/wp-json\/wp\/v2\/pages\/95677\/revisions"}],"predecessor-version":[{"id":96187,"href":"https:\/\/www.frapont.es\/es\/wp-json\/wp\/v2\/pages\/95677\/revisions\/96187"}],"wp:attachment":[{"href":"https:\/\/www.frapont.es\/es\/wp-json\/wp\/v2\/media?parent=95677"}],"curies":[{"name":"wp","href":"https:\/\/api.w.org\/{rel}","templated":true}]}}