{"id":1040,"date":"2018-02-09T09:32:41","date_gmt":"2018-02-09T09:32:41","guid":{"rendered":"http:\/\/dev.frapont.es?page_id=1040"},"modified":"2026-04-07T17:38:25","modified_gmt":"2026-04-07T15:38:25","slug":"our-team","status":"publish","type":"page","link":"https:\/\/www.frapont.es\/fr\/our-team\/","title":{"rendered":"Qui sommes nous"},"content":{"rendered":"<div class=\"wpb-content-wrapper\"><p>[vc_row css_animation=\u00a0\u00bb\u00a0\u00bb row_type=\u00a0\u00bbrow\u00a0\u00bb use_row_as_full_screen_section=\u00a0\u00bbyes\u00a0\u00bb type=\u00a0\u00bbgrid\u00a0\u00bb angled_section=\u00a0\u00bbno\u00a0\u00bb text_align=\u00a0\u00bbleft\u00a0\u00bb background_image_as_pattern=\u00a0\u00bbwithout_pattern\u00a0\u00bb z_index=\u00a0\u00bb\u00a0\u00bb el_id=\u00a0\u00bbhistoire\u00a0\u00bb][vc_column][vc_empty_space height=\u00a0\u00bb40px\u00a0\u00bb][qode_elements_holder number_of_columns=\u00a0\u00bbtwo_columns\u00a0\u00bb switch_to_one_column=\u00a0\u00bb1000&Prime; alignment_one_column=\u00a0\u00bbleft\u00a0\u00bb][qode_elements_holder_item advanced_animations=\u00a0\u00bbno\u00a0\u00bb item_padding_1024_1280=\u00a0\u00bb0px\u00a0\u00bb item_padding_768_1024=\u00a0\u00bb0px\u00a0\u00bb item_padding_600_768=\u00a0\u00bb0px\u00a0\u00bb item_padding_480_600=\u00a0\u00bb0px\u00a0\u00bb item_padding_480=\u00a0\u00bb0px\u00a0\u00bb][vc_single_image image=\u00a0\u00bb1311&Prime; img_size=\u00a0\u00bbfull\u00a0\u00bb qode_css_animation=\u00a0\u00bb\u00a0\u00bb][\/qode_elements_holder_item][qode_elements_holder_item advanced_animations=\u00a0\u00bbno\u00a0\u00bb item_padding=\u00a0\u00bb150px 100px\u00a0\u00bb item_padding_480_600=\u00a0\u00bb0px\u00a0\u00bb item_padding_480=\u00a0\u00bb0px\u00a0\u00bb item_padding_768_1024=\u00a0\u00bb0px\u00a0\u00bb item_padding_600_768=\u00a0\u00bb0px\u00a0\u00bb item_padding_1024_1280=\u00a0\u00bb0px\u00a0\u00bb][vc_empty_space height=\u00a0\u00bb40px\u00a0\u00bb][vc_column_text css=\u00a0\u00bb\u00a0\u00bb]<\/p>\n<h2 style=\"text-align: left;\"><span style=\"font-size: 22px;\">HISTOIRE<\/span><\/h2>\n<p>[\/vc_column_text][vc_empty_space height=\u00a0\u00bb20px\u00a0\u00bb][vc_column_text css=\u00a0\u00bb\u00a0\u00bb]<\/p>\n<p style=\"text-align: left;\"><span style=\"font-size: 17px;\">Avec plus de 90 ans et trois g\u00e9n\u00e9rations d\u2019exp\u00e9rience, Frapont s\u2019est forg\u00e9 un h\u00e9ritage solide. Cette entreprise familiale a \u00e9volu\u00e9 pour devenir une r\u00e9f\u00e9rence dans le secteur de l\u2019agencement, avec une expertise internationale et des filiales dans cinq pays. <\/span><\/p>\n<p>[\/vc_column_text][vc_empty_space height=\u00a0\u00bb40&Prime;]<a  itemprop=\"url\" href=\"https:\/\/www.frapont.es\/es\/historia-de-frapont\/\" target=\"_self\" data-hover-background-color=#727272 data-hover-color=#ffffff class=\"qbutton  white default\" style=\"color: #ffffff; background-color: #0a0a0a;\">Voir plus<\/a>[\/qode_elements_holder_item][\/qode_elements_holder][\/vc_column][\/vc_row][vc_row row_type=\u00a0\u00bbparallax\u00a0\u00bb parallax_content_width=\u00a0\u00bbin_grid\u00a0\u00bb text_align=\u00a0\u00bbleft\u00a0\u00bb full_screen_section_height=\u00a0\u00bbno\u00a0\u00bb el_id=\u00a0\u00bbvaleurs\u00a0\u00bb][vc_column][qode_elements_holder number_of_columns=\u00a0\u00bbtwo_columns\u00a0\u00bb switch_to_one_column=\u00a0\u00bb1000&Prime; alignment_one_column=\u00a0\u00bbleft\u00a0\u00bb][qode_elements_holder_item advanced_animations=\u00a0\u00bbno\u00a0\u00bb item_padding=\u00a0\u00bb120px 100px\u00a0\u00bb item_padding_1024_1280=\u00a0\u00bb0px\u00a0\u00bb item_padding_768_1024=\u00a0\u00bb0px\u00a0\u00bb item_padding_600_768=\u00a0\u00bb0px\u00a0\u00bb item_padding_480_600=\u00a0\u00bb0px\u00a0\u00bb item_padding_480=\u00a0\u00bb0px\u00a0\u00bb][vc_empty_space height=\u00a0\u00bb40px\u00a0\u00bb][vc_column_text css=\u00a0\u00bb\u00a0\u00bb]<\/p>\n<h2 style=\"text-align: left;\"><span style=\"font-size: 22px;\">VISION ET VALEURS<\/span><\/h2>\n<p>[\/vc_column_text][vc_empty_space height=\u00a0\u00bb20px\u00a0\u00bb][vc_column_text css=\u00a0\u00bb\u00a0\u00bb]<span style=\"font-size: 17px;\">Chez Frapont, nous consid\u00e9rons que ce que nous cr\u00e9ons va au-del\u00e0 du bois : nous construisons des relations solides, des espaces de caract\u00e8re et des projets durables. Notre vision est de poursuivre notre croissance sans perdre ce qui fait notre singularit\u00e9 : la proximit\u00e9 d\u2019une entreprise familiale et l\u2019excellence de notre \u00e9quipe d\u2019experts. <\/span><\/p>\n<p><span style=\"font-size: 17px;\"><strong>EQUIPS : Rendre l\u2019impossible possible<\/strong><\/span><br \/><span style=\"font-size: 17px;\">Notre \u00e9quipe est notre principal atout. Nous aspirons \u00e0 \u00eatre un environnement de travail o\u00f9 les talents s\u2019\u00e9panouissent et o\u00f9 chacun se sent partie prenante d\u2019un projet commun. <\/span><\/p>\n<p><span style=\"font-size: 17px;\"><strong>INNOVATION guid\u00e9e par un objectif<\/strong><\/span><br \/><span style=\"font-size: 17px;\">Tradition et technologie coexistent dans notre activit\u00e9. Nous innovons en int\u00e9grant de nouvelles technologies afin d\u2019optimiser nos processus tout en pr\u00e9servant notre essence artisanale. <\/span><\/p>\n<p><span style=\"font-size: 17px;\">EXCELLENCE dans chaque d\u00e9tail<\/span><br \/><span style=\"font-size: 17px;\">Nous accompagnons nos clients de l\u2019id\u00e9e initiale jusqu\u2019\u00e0 l\u2019ex\u00e9cution finale avec pr\u00e9cision, rigueur et confiance.<\/span><\/p>\n<p><span style=\"font-size: 17px;\">Une vision ENGAG\u00c9E<\/span><br \/><span style=\"font-size: 17px;\">Notre croissance est le r\u00e9sultat d\u2019une mani\u00e8re de travailler bas\u00e9e sur la confiance, la collaboration et la coh\u00e9rence.<\/span><\/p>\n<p><span style=\"font-size: 17px;\"><strong>DURABILIT\u00c9 r\u00e9elle<\/strong><\/span><br \/><span style=\"font-size: 17px;\">Nous utilisons le bois de mani\u00e8re responsable, en optimisant nos processus selon des crit\u00e8res d\u2019efficacit\u00e9 et de durabilit\u00e9. Nous disposons des certifications PEFC et FSC\u00ae et accompagnons nos clients dans l\u2019obtention des standards BREEAM et LEED. <\/span>[\/vc_column_text][\/qode_elements_holder_item][qode_elements_holder_item advanced_animations=\u00a0\u00bbno\u00a0\u00bb][vc_single_image image=\u00a0\u00bb67660&Prime; img_size=\u00a0\u00bbfull\u00a0\u00bb css=\u00a0\u00bb\u00a0\u00bb qode_css_animation=\u00a0\u00bb\u00a0\u00bb][\/qode_elements_holder_item][\/qode_elements_holder][vc_column_text css=\u00a0\u00bb\u00a0\u00bb]<span style=\"font-size: 15px;\">La politique de cha\u00eene de tra\u00e7abilit\u00e9 de Frapont SA est disponible pour toute partie int\u00e9ress\u00e9e qui en fait la demande en envoyant un courriel \u00e0 <a href=\"mailto:frapont@frapont.com\">frapont@frapont.com<\/a>.<\/span>[\/vc_column_text][vc_empty_space height=\u00a0\u00bb80px\u00a0\u00bb][\/vc_column][\/vc_row][vc_row row_type=\u00a0\u00bbparallax\u00a0\u00bb parallax_content_width=\u00a0\u00bbin_grid\u00a0\u00bb text_align=\u00a0\u00bbcenter\u00a0\u00bb full_screen_section_height=\u00a0\u00bbno\u00a0\u00bb background_image=\u00a0\u00bb92097&Prime; el_id=\u00a0\u00bbclients\u00a0\u00bb][vc_column][vc_empty_space height=\u00a0\u00bb40px\u00a0\u00bb][vc_column_text css=\u00a0\u00bb\u00a0\u00bb]<\/p>\n<h2 style=\"text-align: center;\"><span style=\"font-size: 22px;\">NOS PARTENAIRES<\/span><\/h2>\n<p>[\/vc_column_text][vc_empty_space height=\u00a0\u00bb20px\u00a0\u00bb][vc_column_text css=\u00a0\u00bb\u00a0\u00bb el_class=\u00a0\u00bbaligncenter\u00a0\u00bb el_id=\u00a0\u00bbequipo\u00a0\u00bb]<span style=\"font-size: 17px;\">Les grands projets reposent sur des collaborations solides. Investisseurs, entreprises de construction, cabinets d\u2019architecture, bureaux d\u2019ing\u00e9nierie acoustique et designers font confiance \u00e0 Frapont pour son expertise, sa rigueur et sa capacit\u00e9 d\u2019adaptation. Nous privil\u00e9gions des relations \u00e0 long terme, en accompagnant nos clients \u00e0 chaque \u00e9tape et en transformant leurs id\u00e9es en r\u00e9alisations concr\u00e8tes, fiables et durables, tout en respectant nos engagements.  <\/span>[\/vc_column_text][vc_empty_space height=\u00a0\u00bb40px\u00a0\u00bb]<div class='testimonials_c_holder clearfix dark'><div class=\"testimonials_c testimonials_c_carousel\" data-show-navigation=\"yes\" data-animation-speed=\"\" data-auto-rotate-slides=\"10\" data-number-per-slide=\"3\"><ul class=\"slides\"><li id=\"testimonials-c-1219\" class=\"testimonial_content\"><div class=\"testimonial_content_inner\"><div class=\"testimonial_image_holder\"><img decoding=\"async\" src=\"https:\/\/www.frapont.es\/wp-content\/uploads\/2025\/02\/citas-1.png\" loading=\"lazy\" \/><\/div><div class=\"testimonial_title_holder\"><h6>Philippe M. \u2013 Shigeru Ban.<\/h6><\/div><div class=\"testimonial_text_holder\"><div class=\"testimonial_text_inner\" style=\"color: #084734;\"><p style='font-size:17px;color:#084734;'>Nous avons particuli\u00e8rement appr\u00e9ci\u00e9 la t\u00e9nacit\u00e9 de Frapont \u00e0 trouver des solutions constructives pour aboutir aux d\u00e9tails que nous souhaitions et je dois dire que le r\u00e9sultat de leur travail est m\u00eame parfois au-del\u00e0 de nos attentes.<\/p><p class=\"testimonial_author\" style=\"color: #084734;color: #084734;font-size: 17px;\">Seine Musicale<\/p><\/div><\/div><\/div><\/li><li id=\"testimonials-c-1222\" class=\"testimonial_content\"><div class=\"testimonial_content_inner\"><div class=\"testimonial_image_holder\"><img decoding=\"async\" src=\"https:\/\/www.frapont.es\/wp-content\/uploads\/2025\/02\/citas-1.png\" loading=\"lazy\" \/><\/div><div class=\"testimonial_title_holder\"><h6>Khalid K.\u2013 Bouygues Construction.<\/h6><\/div><div class=\"testimonial_text_holder\"><div class=\"testimonial_text_inner\" style=\"color: #084734;\"><p style='font-size:17px;color:#084734;'>Frapont est une entreprise dynamique, flexible, organis\u00e9e et capable d\u2019absorber les nombreuses modifications du projet de d\u00e9coration. Elle d\u00e9montre un souci du travail bien fait qui correspond aux exigences du client.<\/p><p class=\"testimonial_author\" style=\"color: #084734;color: #084734;font-size: 17px;\">Hotel de Crillon<\/p><\/div><\/div><\/div><\/li><li id=\"testimonials-c-1224\" class=\"testimonial_content\"><div class=\"testimonial_content_inner\"><div class=\"testimonial_image_holder\"><img decoding=\"async\" src=\"https:\/\/www.frapont.es\/wp-content\/uploads\/2025\/02\/citas-1.png\" loading=\"lazy\" \/><\/div><div class=\"testimonial_title_holder\"><h6>Allan E. \u2013 HENT AS.<\/h6><\/div><div class=\"testimonial_text_holder\"><div class=\"testimonial_text_inner\" style=\"color: #084734;\"><p style='font-size:17px;color:#084734;'>Le r\u00e9sultat des travaux est tr\u00e8s bon, la communication a \u00e9t\u00e9 exceptionnelle. Frapont a fourni beaucoup plus que ce que convenu initialement.<\/p><p class=\"testimonial_author\" style=\"color: #084734;color: #084734;font-size: 17px;\">Aeropuerto de Bergen<\/p><\/div><\/div><\/div><\/li><li id=\"testimonials-c-1226\" class=\"testimonial_content\"><div class=\"testimonial_content_inner\"><div class=\"testimonial_image_holder\"><img decoding=\"async\" src=\"https:\/\/www.frapont.es\/wp-content\/uploads\/2025\/02\/citas-1.png\" loading=\"lazy\" \/><\/div><div class=\"testimonial_title_holder\"><h6>Roar B. \u2013 Statsbygg.<\/h6><\/div><div class=\"testimonial_text_holder\"><div class=\"testimonial_text_inner\" style=\"color: #084734;\"><p style='font-size:17px;color:#084734;'>Les travaux ont \u00e9t\u00e9 de grande qualit\u00e9. Nous sommes contents que Frapont ait pris en charge le projet, depuis les \u00e9tudes jusqu\u2019\u00e0 l\u2019installation.<\/p><p class=\"testimonial_author\" style=\"color: #084734;color: #084734;font-size: 17px;\">Opera de Oslo<\/p><\/div><\/div><\/div><\/li><li id=\"testimonials-c-1228\" class=\"testimonial_content\"><div class=\"testimonial_content_inner\"><div class=\"testimonial_image_holder\"><img decoding=\"async\" src=\"https:\/\/www.frapont.es\/wp-content\/uploads\/2025\/02\/citas-1.png\" loading=\"lazy\" \/><\/div><div class=\"testimonial_title_holder\"><h6>Linda G. \u2013 Gram Interiors.<\/h6><\/div><div class=\"testimonial_text_holder\"><div class=\"testimonial_text_inner\" style=\"color: #084734;\"><p style='font-size:17px;color:#084734;'>Beaux travail Frapont, cela a \u00e9t\u00e9 extraordinaire de travailler avec vous !<\/p><p class=\"testimonial_author\" style=\"color: #084734;color: #084734;font-size: 17px;\">Hotel Britannia<\/p><\/div><\/div><\/div><\/li><li id=\"testimonials-c-1231\" class=\"testimonial_content\"><div class=\"testimonial_content_inner\"><div class=\"testimonial_image_holder\"><img decoding=\"async\" src=\"https:\/\/www.frapont.es\/wp-content\/uploads\/2025\/02\/citas-1.png\" loading=\"lazy\" \/><\/div><div class=\"testimonial_title_holder\"><h6>Jaume V. C. \u2013 Terminal UTE.<\/h6><\/div><div class=\"testimonial_text_holder\"><div class=\"testimonial_text_inner\" style=\"color: #084734;\"><p style='font-size:17px;color:#084734;'>En plus de leurs comp\u00e9tences techniques, Frapont a su fournir les moyens n\u00e9cessaires pour finir leurs travaux dans les d\u00e9lais et avec la qualit\u00e9 requise.<\/p><p class=\"testimonial_author\" style=\"color: #084734;color: #084734;font-size: 17px;\">Terminal 1 Barcelona<\/p><\/div><\/div><\/div><\/li><\/ul><\/div><\/div>[vc_empty_space height=\u00a0\u00bb40px\u00a0\u00bb][\/vc_column][\/vc_row][vc_row css_animation=\u00a0\u00bb\u00a0\u00bb row_type=\u00a0\u00bbrow\u00a0\u00bb use_row_as_full_screen_section=\u00a0\u00bbno\u00a0\u00bb type=\u00a0\u00bbfull_width\u00a0\u00bb angled_section=\u00a0\u00bbno\u00a0\u00bb text_align=\u00a0\u00bbleft\u00a0\u00bb background_image_as_pattern=\u00a0\u00bbwithout_pattern\u00a0\u00bb el_id=\u00a0\u00bbequip\u00a0\u00bb z_index=\u00a0\u00bb\u00a0\u00bb][vc_column][\/vc_column][\/vc_row][vc_row css_animation=\u00a0\u00bb\u00a0\u00bb row_type=\u00a0\u00bbrow\u00a0\u00bb use_row_as_full_screen_section=\u00a0\u00bbyes\u00a0\u00bb type=\u00a0\u00bbgrid\u00a0\u00bb angled_section=\u00a0\u00bbno\u00a0\u00bb text_align=\u00a0\u00bbcenter\u00a0\u00bb background_image_as_pattern=\u00a0\u00bbwithout_pattern\u00a0\u00bb z_index=\u00a0\u00bb\u00a0\u00bb padding_bottom=\u00a0\u00bb40&Prime; padding_top=\u00a0\u00bb80&Prime;][vc_column][vc_column_text css=\u00a0\u00bb\u00a0\u00bb]<\/p>\n<h2 style=\"text-align: center;\">NOTRE \u00c9QUIPE<\/h2>\n<p>[\/vc_column_text][vc_empty_space height=\u00a0\u00bb20px\u00a0\u00bb][vc_column_text css=\u00a0\u00bb\u00a0\u00bb el_class=\u00a0\u00bbaligncenter\u00a0\u00bb]<span style=\"font-size: 17px;\">Derri\u00e8re chaque projet \u00e0 Frapont, se trouve une \u00e9quipe diverse et engag\u00e9e : architectes, ing\u00e9nieurs, menuisiers, chefs de projet et installateurs sp\u00e9cialis\u00e9s. Chacun apporte son savoir-faire, mais tous partagent une m\u00eame passion : transformer le bois en espaces uniques. Nous \u00e9voluons dans un environnement multiculturel et pluridisciplinaire o\u00f9 la collaboration et le respect de la cr\u00e9ativit\u00e9 individuelle sont essentiels. Notre objectif quotidien est de faire de Frapont plus qu\u2019un lieu de travail : un espace pour grandir, apprendre et valoriser les r\u00e9ussites collectives.   <\/span>[\/vc_column_text][vc_empty_space height=\u00a0\u00bb40px\u00a0\u00bb][vc_single_image image=\u00a0\u00bb60601&Prime; img_size=\u00a0\u00bbfull\u00a0\u00bb alignment=\u00a0\u00bbcenter\u00a0\u00bb qode_css_animation=\u00a0\u00bb\u00a0\u00bb][vc_empty_space height=\u00a0\u00bb30px\u00a0\u00bb][\/vc_column][\/vc_row][vc_row css_animation=\u00a0\u00bb\u00a0\u00bb row_type=\u00a0\u00bbrow\u00a0\u00bb use_row_as_full_screen_section=\u00a0\u00bbno\u00a0\u00bb type=\u00a0\u00bbfull_width\u00a0\u00bb angled_section=\u00a0\u00bbno\u00a0\u00bb text_align=\u00a0\u00bbleft\u00a0\u00bb background_image_as_pattern=\u00a0\u00bbwithout_pattern\u00a0\u00bb][vc_column][vc_column_text css=\u00a0\u00bb\u00a0\u00bb]<\/p>\n<p style=\"text-align: center;\"><span style=\"font-size: 17px;\">Frapont est membre de la <strong>Guilde du Bois et Du Meuble<\/strong> catalane et de la <strong>Conf\u00e9d\u00e9ration Danoise de la Construction<\/strong><\/span><\/p>\n<div class=\"lRu31\" dir=\"ltr\">\n<div class=\"NQSJo\"><\/div>\n<\/div>\n<div class=\"UdTY9 WdefRb\" aria-hidden=\"true\" data-location=\"2\"><\/div>\n<p>[\/vc_column_text][\/vc_column][\/vc_row][vc_row css_animation=\u00a0\u00bb\u00a0\u00bb row_type=\u00a0\u00bbrow\u00a0\u00bb use_row_as_full_screen_section=\u00a0\u00bbno\u00a0\u00bb type=\u00a0\u00bbfull_width\u00a0\u00bb angled_section=\u00a0\u00bbno\u00a0\u00bb text_align=\u00a0\u00bbcenter\u00a0\u00bb background_image_as_pattern=\u00a0\u00bbwithout_pattern\u00a0\u00bb z_index=\u00a0\u00bb\u00a0\u00bb][vc_column width=\u00a0\u00bb1\/2&Prime;][vc_single_image image=\u00a0\u00bb94883&Prime; img_size=\u00a0\u00bbmedium\u00a0\u00bb alignment=\u00a0\u00bbright\u00a0\u00bb onclick=\u00a0\u00bbcustom_link\u00a0\u00bb img_link_target=\u00a0\u00bb_blank\u00a0\u00bb css=\u00a0\u00bb\u00a0\u00bb qode_css_animation=\u00a0\u00bb\u00a0\u00bb link=\u00a0\u00bbhttp:\/\/gremifustaimoble.cat\/ca\u00a0\u00bb][\/vc_column][vc_column width=\u00a0\u00bb1\/2&Prime;][vc_single_image image=\u00a0\u00bb94890&Prime; img_size=\u00a0\u00bbmedium\u00a0\u00bb onclick=\u00a0\u00bbcustom_link\u00a0\u00bb img_link_target=\u00a0\u00bb_blank\u00a0\u00bb css=\u00a0\u00bb\u00a0\u00bb qode_css_animation=\u00a0\u00bb\u00a0\u00bb link=\u00a0\u00bbhttp:\/\/www.danskindustri.dk\/\u00a0\u00bb][\/vc_column][\/vc_row][vc_row css_animation=\u00a0\u00bb\u00a0\u00bb row_type=\u00a0\u00bbrow\u00a0\u00bb use_row_as_full_screen_section=\u00a0\u00bbno\u00a0\u00bb type=\u00a0\u00bbfull_width\u00a0\u00bb angled_section=\u00a0\u00bbno\u00a0\u00bb text_align=\u00a0\u00bbleft\u00a0\u00bb background_image_as_pattern=\u00a0\u00bbwithout_pattern\u00a0\u00bb][vc_column][vc_empty_space height=\u00a0\u00bb60px\u00a0\u00bb][\/vc_column][\/vc_row]<\/p>\n<\/div>","protected":false},"excerpt":{"rendered":"<p>[vc_row css_animation=\u00a0\u00bb\u00a0\u00bb row_type=\u00a0\u00bbrow\u00a0\u00bb use_row_as_full_screen_section=\u00a0\u00bbyes\u00a0\u00bb type=\u00a0\u00bbgrid\u00a0\u00bb angled_section=\u00a0\u00bbno\u00a0\u00bb text_align=\u00a0\u00bbleft\u00a0\u00bb background_image_as_pattern=\u00a0\u00bbwithout_pattern\u00a0\u00bb z_index=\u00a0\u00bb\u00a0\u00bb el_id=\u00a0\u00bbhistoire\u00a0\u00bb][vc_column][vc_empty_space height=\u00a0\u00bb40px\u00a0\u00bb][qode_elements_holder number_of_columns=\u00a0\u00bbtwo_columns\u00a0\u00bb switch_to_one_column=\u00a0\u00bb1000&Prime; alignment_one_column=\u00a0\u00bbleft\u00a0\u00bb][qode_elements_holder_item advanced_animations=\u00a0\u00bbno\u00a0\u00bb&#8230;<\/p>\n","protected":false},"author":2,"featured_media":0,"parent":0,"menu_order":0,"comment_status":"closed","ping_status":"open","template":"full_width.php","meta":{"footnotes":""},"class_list":["post-1040","page","type-page","status-publish","hentry"],"yoast_head":"<!-- This site is optimized with the Yoast SEO plugin v27.3 - https:\/\/yoast.com\/product\/yoast-seo-wordpress\/ -->\n<title>Qui sommes nous &#8211; Frapont<\/title>\n<meta name=\"robots\" content=\"index, follow, max-snippet:-1, max-image-preview:large, max-video-preview:-1\" \/>\n<link rel=\"canonical\" href=\"https:\/\/www.frapont.es\/fr\/our-team\/\" \/>\n<meta property=\"og:locale\" content=\"fr_FR\" \/>\n<meta property=\"og:type\" content=\"article\" \/>\n<meta property=\"og:title\" content=\"Qui sommes nous &#8211; Frapont\" \/>\n<meta property=\"og:description\" content=\"[vc_row css_animation=\u00a0\u00bb\u00a0\u00bb row_type=\u00a0\u00bbrow\u00a0\u00bb use_row_as_full_screen_section=\u00a0\u00bbyes\u00a0\u00bb type=\u00a0\u00bbgrid\u00a0\u00bb angled_section=\u00a0\u00bbno\u00a0\u00bb text_align=\u00a0\u00bbleft\u00a0\u00bb background_image_as_pattern=\u00a0\u00bbwithout_pattern\u00a0\u00bb z_index=\u00a0\u00bb\u00a0\u00bb el_id=\u00a0\u00bbhistoire\u00a0\u00bb][vc_column][vc_empty_space height=\u00a0\u00bb40px\u00a0\u00bb][qode_elements_holder number_of_columns=\u00a0\u00bbtwo_columns\u00a0\u00bb switch_to_one_column=\u00a0\u00bb1000&Prime; alignment_one_column=\u00a0\u00bbleft\u00a0\u00bb][qode_elements_holder_item advanced_animations=\u00a0\u00bbno\u00a0\u00bb...\" \/>\n<meta property=\"og:url\" content=\"https:\/\/www.frapont.es\/fr\/our-team\/\" \/>\n<meta property=\"og:site_name\" content=\"Frapont\" \/>\n<meta property=\"article:publisher\" content=\"https:\/\/www.facebook.com\/Frapont\/\" \/>\n<meta property=\"article:modified_time\" content=\"2026-04-07T15:38:25+00:00\" \/>\n<meta name=\"twitter:card\" content=\"summary_large_image\" \/>\n<meta name=\"twitter:label1\" content=\"Dur\u00e9e de lecture estim\u00e9e\" \/>\n\t<meta name=\"twitter:data1\" content=\"3 minutes\" \/>\n<script type=\"application\/ld+json\" class=\"yoast-schema-graph\">{\"@context\":\"https:\\\/\\\/schema.org\",\"@graph\":[{\"@type\":\"WebPage\",\"@id\":\"https:\\\/\\\/www.frapont.es\\\/fr\\\/our-team\\\/\",\"url\":\"https:\\\/\\\/www.frapont.es\\\/fr\\\/our-team\\\/\",\"name\":\"Qui sommes nous &#8211; Frapont\",\"isPartOf\":{\"@id\":\"https:\\\/\\\/www.frapont.es\\\/#website\"},\"datePublished\":\"2018-02-09T09:32:41+00:00\",\"dateModified\":\"2026-04-07T15:38:25+00:00\",\"breadcrumb\":{\"@id\":\"https:\\\/\\\/www.frapont.es\\\/fr\\\/our-team\\\/#breadcrumb\"},\"inLanguage\":\"fr-FR\",\"potentialAction\":[{\"@type\":\"ReadAction\",\"target\":[\"https:\\\/\\\/www.frapont.es\\\/fr\\\/our-team\\\/\"]}]},{\"@type\":\"BreadcrumbList\",\"@id\":\"https:\\\/\\\/www.frapont.es\\\/fr\\\/our-team\\\/#breadcrumb\",\"itemListElement\":[{\"@type\":\"ListItem\",\"position\":1,\"name\":\"Portada\",\"item\":\"https:\\\/\\\/www.frapont.es\\\/fr\\\/\"},{\"@type\":\"ListItem\",\"position\":2,\"name\":\"Qui sommes nous\"}]},{\"@type\":\"WebSite\",\"@id\":\"https:\\\/\\\/www.frapont.es\\\/#website\",\"url\":\"https:\\\/\\\/www.frapont.es\\\/\",\"name\":\"Frapont\",\"description\":\"\",\"publisher\":{\"@id\":\"https:\\\/\\\/www.frapont.es\\\/#organization\"},\"potentialAction\":[{\"@type\":\"SearchAction\",\"target\":{\"@type\":\"EntryPoint\",\"urlTemplate\":\"https:\\\/\\\/www.frapont.es\\\/?s={search_term_string}\"},\"query-input\":{\"@type\":\"PropertyValueSpecification\",\"valueRequired\":true,\"valueName\":\"search_term_string\"}}],\"inLanguage\":\"fr-FR\"},{\"@type\":\"Organization\",\"@id\":\"https:\\\/\\\/www.frapont.es\\\/#organization\",\"name\":\"Frapont\",\"url\":\"https:\\\/\\\/www.frapont.es\\\/\",\"logo\":{\"@type\":\"ImageObject\",\"inLanguage\":\"fr-FR\",\"@id\":\"https:\\\/\\\/www.frapont.es\\\/#\\\/schema\\\/logo\\\/image\\\/\",\"url\":\"https:\\\/\\\/www.frapont.es\\\/wp-content\\\/uploads\\\/2019\\\/11\\\/logo-nav-negro-min.png\",\"contentUrl\":\"https:\\\/\\\/www.frapont.es\\\/wp-content\\\/uploads\\\/2019\\\/11\\\/logo-nav-negro-min.png\",\"width\":235,\"height\":59,\"caption\":\"Frapont\"},\"image\":{\"@id\":\"https:\\\/\\\/www.frapont.es\\\/#\\\/schema\\\/logo\\\/image\\\/\"},\"sameAs\":[\"https:\\\/\\\/www.facebook.com\\\/Frapont\\\/\",\"https:\\\/\\\/www.instagram.com\\\/frapont_wood_works\\\/\",\"https:\\\/\\\/www.linkedin.com\\\/company\\\/1739273\\\/admin\\\/\"]}]}<\/script>\n<!-- \/ Yoast SEO plugin. -->","yoast_head_json":{"title":"Qui sommes nous &#8211; Frapont","robots":{"index":"index","follow":"follow","max-snippet":"max-snippet:-1","max-image-preview":"max-image-preview:large","max-video-preview":"max-video-preview:-1"},"canonical":"https:\/\/www.frapont.es\/fr\/our-team\/","og_locale":"fr_FR","og_type":"article","og_title":"Qui sommes nous &#8211; Frapont","og_description":"[vc_row css_animation=\u00a0\u00bb\u00a0\u00bb row_type=\u00a0\u00bbrow\u00a0\u00bb use_row_as_full_screen_section=\u00a0\u00bbyes\u00a0\u00bb type=\u00a0\u00bbgrid\u00a0\u00bb angled_section=\u00a0\u00bbno\u00a0\u00bb text_align=\u00a0\u00bbleft\u00a0\u00bb background_image_as_pattern=\u00a0\u00bbwithout_pattern\u00a0\u00bb z_index=\u00a0\u00bb\u00a0\u00bb el_id=\u00a0\u00bbhistoire\u00a0\u00bb][vc_column][vc_empty_space height=\u00a0\u00bb40px\u00a0\u00bb][qode_elements_holder number_of_columns=\u00a0\u00bbtwo_columns\u00a0\u00bb switch_to_one_column=\u00a0\u00bb1000&Prime; alignment_one_column=\u00a0\u00bbleft\u00a0\u00bb][qode_elements_holder_item advanced_animations=\u00a0\u00bbno\u00a0\u00bb...","og_url":"https:\/\/www.frapont.es\/fr\/our-team\/","og_site_name":"Frapont","article_publisher":"https:\/\/www.facebook.com\/Frapont\/","article_modified_time":"2026-04-07T15:38:25+00:00","twitter_card":"summary_large_image","twitter_misc":{"Dur\u00e9e de lecture estim\u00e9e":"3 minutes"},"schema":{"@context":"https:\/\/schema.org","@graph":[{"@type":"WebPage","@id":"https:\/\/www.frapont.es\/fr\/our-team\/","url":"https:\/\/www.frapont.es\/fr\/our-team\/","name":"Qui sommes nous &#8211; Frapont","isPartOf":{"@id":"https:\/\/www.frapont.es\/#website"},"datePublished":"2018-02-09T09:32:41+00:00","dateModified":"2026-04-07T15:38:25+00:00","breadcrumb":{"@id":"https:\/\/www.frapont.es\/fr\/our-team\/#breadcrumb"},"inLanguage":"fr-FR","potentialAction":[{"@type":"ReadAction","target":["https:\/\/www.frapont.es\/fr\/our-team\/"]}]},{"@type":"BreadcrumbList","@id":"https:\/\/www.frapont.es\/fr\/our-team\/#breadcrumb","itemListElement":[{"@type":"ListItem","position":1,"name":"Portada","item":"https:\/\/www.frapont.es\/fr\/"},{"@type":"ListItem","position":2,"name":"Qui sommes nous"}]},{"@type":"WebSite","@id":"https:\/\/www.frapont.es\/#website","url":"https:\/\/www.frapont.es\/","name":"Frapont","description":"","publisher":{"@id":"https:\/\/www.frapont.es\/#organization"},"potentialAction":[{"@type":"SearchAction","target":{"@type":"EntryPoint","urlTemplate":"https:\/\/www.frapont.es\/?s={search_term_string}"},"query-input":{"@type":"PropertyValueSpecification","valueRequired":true,"valueName":"search_term_string"}}],"inLanguage":"fr-FR"},{"@type":"Organization","@id":"https:\/\/www.frapont.es\/#organization","name":"Frapont","url":"https:\/\/www.frapont.es\/","logo":{"@type":"ImageObject","inLanguage":"fr-FR","@id":"https:\/\/www.frapont.es\/#\/schema\/logo\/image\/","url":"https:\/\/www.frapont.es\/wp-content\/uploads\/2019\/11\/logo-nav-negro-min.png","contentUrl":"https:\/\/www.frapont.es\/wp-content\/uploads\/2019\/11\/logo-nav-negro-min.png","width":235,"height":59,"caption":"Frapont"},"image":{"@id":"https:\/\/www.frapont.es\/#\/schema\/logo\/image\/"},"sameAs":["https:\/\/www.facebook.com\/Frapont\/","https:\/\/www.instagram.com\/frapont_wood_works\/","https:\/\/www.linkedin.com\/company\/1739273\/admin\/"]}]}},"_links":{"self":[{"href":"https:\/\/www.frapont.es\/fr\/wp-json\/wp\/v2\/pages\/1040","targetHints":{"allow":["GET"]}}],"collection":[{"href":"https:\/\/www.frapont.es\/fr\/wp-json\/wp\/v2\/pages"}],"about":[{"href":"https:\/\/www.frapont.es\/fr\/wp-json\/wp\/v2\/types\/page"}],"author":[{"embeddable":true,"href":"https:\/\/www.frapont.es\/fr\/wp-json\/wp\/v2\/users\/2"}],"replies":[{"embeddable":true,"href":"https:\/\/www.frapont.es\/fr\/wp-json\/wp\/v2\/comments?post=1040"}],"version-history":[{"count":29,"href":"https:\/\/www.frapont.es\/fr\/wp-json\/wp\/v2\/pages\/1040\/revisions"}],"predecessor-version":[{"id":94902,"href":"https:\/\/www.frapont.es\/fr\/wp-json\/wp\/v2\/pages\/1040\/revisions\/94902"}],"wp:attachment":[{"href":"https:\/\/www.frapont.es\/fr\/wp-json\/wp\/v2\/media?parent=1040"}],"curies":[{"name":"wp","href":"https:\/\/api.w.org\/{rel}","templated":true}]}}